{"id":826,"date":"2021-11-21T18:48:41","date_gmt":"2021-11-21T18:48:41","guid":{"rendered":"https:\/\/www.srisa.no\/?page_id=826"},"modified":"2026-03-25T10:54:17","modified_gmt":"2026-03-25T10:54:17","slug":"kontakt","status":"publish","type":"page","link":"https:\/\/www.srisa.no\/sv\/kontakt\/","title":{"rendered":"Kontakt"},"content":{"rendered":"<div data-elementor-type=\"wp-page\" data-elementor-id=\"826\" class=\"elementor elementor-826\">\n\t\t\t\t\t\t<section class=\"elementor-section elementor-top-section elementor-element elementor-element-3474c90d elementor-section-boxed elementor-section-height-default elementor-section-height-default\" data-id=\"3474c90d\" data-element_type=\"section\" data-e-type=\"section\">\n\t\t\t\t\t\t<div class=\"elementor-container elementor-column-gap-default\">\n\t\t\t\t\t<div class=\"elementor-column elementor-col-33 elementor-top-column elementor-element elementor-element-5374a0d3\" data-id=\"5374a0d3\" data-element_type=\"column\" data-e-type=\"column\">\n\t\t\t<div class=\"elementor-widget-wrap elementor-element-populated\">\n\t\t\t\t\t\t<div class=\"elementor-element elementor-element-4568728e elementor-view-default elementor-widget elementor-widget-icon\" data-id=\"4568728e\" data-element_type=\"widget\" data-e-type=\"widget\" data-widget_type=\"icon.default\">\n\t\t\t\t<div class=\"elementor-widget-container\">\n\t\t\t\t\t\t\t<div class=\"elementor-icon-wrapper\">\n\t\t\t<div class=\"elementor-icon\">\n\t\t\t<i aria-hidden=\"true\" class=\"fas fa-phone-alt\"><\/i>\t\t\t<\/div>\n\t\t<\/div>\n\t\t\t\t\t\t<\/div>\n\t\t\t\t<\/div>\n\t\t\t\t<div class=\"elementor-element elementor-element-5d616113 elementor-widget elementor-widget-text-editor\" data-id=\"5d616113\" data-element_type=\"widget\" data-e-type=\"widget\" data-widget_type=\"text-editor.default\">\n\t\t\t\t<div class=\"elementor-widget-container\">\n\t\t\t\t\t\t\t\t\t<p><a href=\"http:\/\/+47 51 48 44 03\" data-wplink-url-error=\"true\"><span style=\"color: #000000;\">+47 51 48 44 03<\/span><\/a><\/p>\t\t\t\t\t\t\t\t<\/div>\n\t\t\t\t<\/div>\n\t\t\t\t\t<\/div>\n\t\t<\/div>\n\t\t\t\t<div class=\"elementor-column elementor-col-33 elementor-top-column elementor-element elementor-element-36b90a77\" data-id=\"36b90a77\" data-element_type=\"column\" data-e-type=\"column\">\n\t\t\t<div class=\"elementor-widget-wrap elementor-element-populated\">\n\t\t\t\t\t\t<div class=\"elementor-element elementor-element-41310ccc elementor-view-default elementor-widget elementor-widget-icon\" data-id=\"41310ccc\" data-element_type=\"widget\" data-e-type=\"widget\" data-widget_type=\"icon.default\">\n\t\t\t\t<div class=\"elementor-widget-container\">\n\t\t\t\t\t\t\t<div class=\"elementor-icon-wrapper\">\n\t\t\t<div class=\"elementor-icon\">\n\t\t\t<i aria-hidden=\"true\" class=\"fas fa-location-arrow\"><\/i>\t\t\t<\/div>\n\t\t<\/div>\n\t\t\t\t\t\t<\/div>\n\t\t\t\t<\/div>\n\t\t\t\t<div class=\"elementor-element elementor-element-643cf13 elementor-widget elementor-widget-text-editor\" data-id=\"643cf13\" data-element_type=\"widget\" data-e-type=\"widget\" data-widget_type=\"text-editor.default\">\n\t\t\t\t<div class=\"elementor-widget-container\">\n\t\t\t\t\t\t\t\t\t<p style=\"text-align: center;\"><strong>S. Risa AS<\/strong><\/p>\n<p style=\"text-align: center;\">Sikvalandsveien 43<br>\u00a04342 Undheim<\/p>\t\t\t\t\t\t\t\t<\/div>\n\t\t\t\t<\/div>\n\t\t\t\t\t<\/div>\n\t\t<\/div>\n\t\t\t\t<div class=\"elementor-column elementor-col-33 elementor-top-column elementor-element elementor-element-6f47cd6b\" data-id=\"6f47cd6b\" data-element_type=\"column\" data-e-type=\"column\">\n\t\t\t<div class=\"elementor-widget-wrap elementor-element-populated\">\n\t\t\t\t\t\t<div class=\"elementor-element elementor-element-64e5bf24 elementor-view-default elementor-widget elementor-widget-icon\" data-id=\"64e5bf24\" data-element_type=\"widget\" data-e-type=\"widget\" data-widget_type=\"icon.default\">\n\t\t\t\t<div class=\"elementor-widget-container\">\n\t\t\t\t\t\t\t<div class=\"elementor-icon-wrapper\">\n\t\t\t<div class=\"elementor-icon\">\n\t\t\t<i aria-hidden=\"true\" class=\"fas fa-envelope\"><\/i>\t\t\t<\/div>\n\t\t<\/div>\n\t\t\t\t\t\t<\/div>\n\t\t\t\t<\/div>\n\t\t\t\t<div class=\"elementor-element elementor-element-47226ca4 elementor-widget elementor-widget-text-editor\" data-id=\"47226ca4\" data-element_type=\"widget\" data-e-type=\"widget\" data-widget_type=\"text-editor.default\">\n\t\t\t\t<div class=\"elementor-widget-container\">\n\t\t\t\t\t\t\t\t\t<span style=\"color: #000000;\"><a style=\"color: #000000;\" href=\"mailto:post@srisa.no\" target=\"_blank\" rel=\"noopener\" data-track-event=\"click\" data-track-action=\"email_link\">post@srisa.no<\/a><\/span>\t\t\t\t\t\t\t\t<\/div>\n\t\t\t\t<\/div>\n\t\t\t\t\t<\/div>\n\t\t<\/div>\n\t\t\t\t\t<\/div>\n\t\t<\/section>\n\t\t\t\t<section class=\"elementor-section elementor-top-section elementor-element elementor-element-3bcd3d1 elementor-section-boxed elementor-section-height-default elementor-section-height-default\" data-id=\"3bcd3d1\" data-element_type=\"section\" data-e-type=\"section\">\n\t\t\t\t\t\t<div class=\"elementor-container elementor-column-gap-wide\">\n\t\t\t\t\t<div class=\"elementor-column elementor-col-100 elementor-top-column elementor-element elementor-element-76321ce\" data-id=\"76321ce\" data-element_type=\"column\" data-e-type=\"column\">\n\t\t\t<div class=\"elementor-widget-wrap elementor-element-populated\">\n\t\t\t\t\t\t<div class=\"elementor-element elementor-element-c140790 elementor-align-center popmake-948 elementor-widget elementor-widget-button\" data-id=\"c140790\" data-element_type=\"widget\" data-e-type=\"widget\" data-widget_type=\"button.default\">\n\t\t\t\t<div class=\"elementor-widget-container\">\n\t\t\t\t\t\t\t\t\t<div class=\"elementor-button-wrapper\">\n\t\t\t\t\t<a class=\"elementor-button elementor-button-link elementor-size-md\" href=\"#\">\n\t\t\t\t\t\t<span class=\"elementor-button-content-wrapper\">\n\t\t\t\t\t\t<span class=\"elementor-button-icon\">\n\t\t\t\t<i aria-hidden=\"true\" class=\"fas fa-envelope\"><\/i>\t\t\t<\/span>\n\t\t\t\t\t\t\t\t\t<span class=\"elementor-button-text\">KONTAKTFORMUL\u00c4R, KLICKA H\u00c4R<\/span>\n\t\t\t\t\t<\/span>\n\t\t\t\t\t<\/a>\n\t\t\t\t<\/div>\n\t\t\t\t\t\t\t\t<\/div>\n\t\t\t\t<\/div>\n\t\t\t\t<div class=\"elementor-element elementor-element-66ead22 elementor-align-center elementor-widget elementor-widget-button\" data-id=\"66ead22\" data-element_type=\"widget\" data-e-type=\"widget\" data-widget_type=\"button.default\">\n\t\t\t\t<div class=\"elementor-widget-container\">\n\t\t\t\t\t\t\t\t\t<div class=\"elementor-button-wrapper\">\n\t\t\t\t\t<a class=\"elementor-button elementor-button-link elementor-size-md\" href=\"https:\/\/www.srisa.no\/sv\/stickset-service\/\">\n\t\t\t\t\t\t<span class=\"elementor-button-content-wrapper\">\n\t\t\t\t\t\t<span class=\"elementor-button-icon\">\n\t\t\t\t<i aria-hidden=\"true\" class=\"fas fa-envelope\"><\/i>\t\t\t<\/span>\n\t\t\t\t\t\t\t\t\t<span class=\"elementor-button-text\">Best\u00e4ll service p\u00e5 Stickset<\/span>\n\t\t\t\t\t<\/span>\n\t\t\t\t\t<\/a>\n\t\t\t\t<\/div>\n\t\t\t\t\t\t\t\t<\/div>\n\t\t\t\t<\/div>\n\t\t\t\t\t<\/div>\n\t\t<\/div>\n\t\t\t\t\t<\/div>\n\t\t<\/section>\n\t\t\t\t<section class=\"elementor-section elementor-top-section elementor-element elementor-element-4cde90c elementor-section-boxed elementor-section-height-default elementor-section-height-default\" data-id=\"4cde90c\" data-element_type=\"section\" data-e-type=\"section\">\n\t\t\t\t\t\t<div class=\"elementor-container elementor-column-gap-default\">\n\t\t\t\t\t<div class=\"elementor-column elementor-col-100 elementor-top-column elementor-element elementor-element-b2e8e1f\" data-id=\"b2e8e1f\" data-element_type=\"column\" data-e-type=\"column\">\n\t\t\t<div class=\"elementor-widget-wrap elementor-element-populated\">\n\t\t\t\t\t\t<div class=\"elementor-element elementor-element-ea59c42 elementor-widget-divider--view-line elementor-widget elementor-widget-divider\" data-id=\"ea59c42\" data-element_type=\"widget\" data-e-type=\"widget\" data-widget_type=\"divider.default\">\n\t\t\t\t<div class=\"elementor-widget-container\">\n\t\t\t\t\t\t\t<div class=\"elementor-divider\">\n\t\t\t<span class=\"elementor-divider-separator\">\n\t\t\t\t\t\t<\/span>\n\t\t<\/div>\n\t\t\t\t\t\t<\/div>\n\t\t\t\t<\/div>\n\t\t\t\t\t<\/div>\n\t\t<\/div>\n\t\t\t\t\t<\/div>\n\t\t<\/section>\n\t\t\t\t<section class=\"elementor-section elementor-top-section elementor-element elementor-element-ec79498 elementor-section-boxed elementor-section-height-default elementor-section-height-default\" data-id=\"ec79498\" data-element_type=\"section\" data-e-type=\"section\">\n\t\t\t\t\t\t<div class=\"elementor-container elementor-column-gap-default\">\n\t\t\t\t\t<div class=\"elementor-column elementor-col-25 elementor-top-column elementor-element elementor-element-4ec9216\" data-id=\"4ec9216\" data-element_type=\"column\" data-e-type=\"column\">\n\t\t\t<div class=\"elementor-widget-wrap elementor-element-populated\">\n\t\t\t\t\t\t<div class=\"elementor-element elementor-element-f878feb elementor-widget elementor-widget-text-editor\" data-id=\"f878feb\" data-element_type=\"widget\" data-e-type=\"widget\" data-widget_type=\"text-editor.default\">\n\t\t\t\t<div class=\"elementor-widget-container\">\n\t\t\t\t\t\t\t\t\t<h5 style=\"text-align: center;\"><strong>Sigvald Risa\u00a0<\/strong><\/h5><h6 style=\"text-align: center;\">Utveckling \/ f\u00f6rs\u00e4ljning \/ support<\/h6><p style=\"text-align: center;\">Mobil <a href=\"http:\/\/+47 917 22 128\" data-wplink-url-error=\"true\">+47 917 22 128<\/a><\/p><p style=\"text-align: center;\"><a href=\"mailto:sigvald@srisa.no\">sigvald@srisa.no<\/a><\/p>\t\t\t\t\t\t\t\t<\/div>\n\t\t\t\t<\/div>\n\t\t\t\t\t<\/div>\n\t\t<\/div>\n\t\t\t\t<div class=\"elementor-column elementor-col-25 elementor-top-column elementor-element elementor-element-9222a34\" data-id=\"9222a34\" data-element_type=\"column\" data-e-type=\"column\">\n\t\t\t<div class=\"elementor-widget-wrap elementor-element-populated\">\n\t\t\t\t\t\t<div class=\"elementor-element elementor-element-e116dbe elementor-widget elementor-widget-text-editor\" data-id=\"e116dbe\" data-element_type=\"widget\" data-e-type=\"widget\" data-widget_type=\"text-editor.default\">\n\t\t\t\t<div class=\"elementor-widget-container\">\n\t\t\t\t\t\t\t\t\t<h5 style=\"text-align: center;\"><strong>Ingebret Tunheim<\/strong><\/h5><h6 style=\"text-align: center;\">Automation\/salg\/support<\/h6><p style=\"text-align: center;\">Mobil <a href=\"http:\/\/+47 916 71 422\" data-wplink-url-error=\"true\">+47 916 71 422<\/a><\/p><p style=\"text-align: center;\"><a href=\"mailto:sigvald@srisa.no\">ingebret@srisa.no<\/a><\/p>\t\t\t\t\t\t\t\t<\/div>\n\t\t\t\t<\/div>\n\t\t\t\t\t<\/div>\n\t\t<\/div>\n\t\t\t\t<div class=\"elementor-column elementor-col-25 elementor-top-column elementor-element elementor-element-9118c9c\" data-id=\"9118c9c\" data-element_type=\"column\" data-e-type=\"column\">\n\t\t\t<div class=\"elementor-widget-wrap elementor-element-populated\">\n\t\t\t\t\t\t<div class=\"elementor-element elementor-element-8f8a4ca elementor-widget elementor-widget-text-editor\" data-id=\"8f8a4ca\" data-element_type=\"widget\" data-e-type=\"widget\" data-widget_type=\"text-editor.default\">\n\t\t\t\t<div class=\"elementor-widget-container\">\n\t\t\t\t\t\t\t\t\t<h5 style=\"text-align: center;\"><strong>Sune Risa<\/strong><\/h5>\n<h6 style=\"text-align: center;\">Utvikling\/Salg\/Support<\/h6>\n<p style=\"text-align: center;\">Mobil <a href=\"http:\/\/+47 905 03 834\" data-wplink-url-error=\"true\">+47 96902680<\/a><\/p>\n<p style=\"text-align: center;\"><a href=\"mailto:sigrid@srisa.no\">sune@srisa.no<\/a><\/p>\t\t\t\t\t\t\t\t<\/div>\n\t\t\t\t<\/div>\n\t\t\t\t\t<\/div>\n\t\t<\/div>\n\t\t\t\t<div class=\"elementor-column elementor-col-25 elementor-top-column elementor-element elementor-element-417eb78\" data-id=\"417eb78\" data-element_type=\"column\" data-e-type=\"column\">\n\t\t\t<div class=\"elementor-widget-wrap elementor-element-populated\">\n\t\t\t\t\t\t<div class=\"elementor-element elementor-element-8658bb4 elementor-widget elementor-widget-text-editor\" data-id=\"8658bb4\" data-element_type=\"widget\" data-e-type=\"widget\" data-widget_type=\"text-editor.default\">\n\t\t\t\t<div class=\"elementor-widget-container\">\n\t\t\t\t\t\t\t\t\t<h5 style=\"text-align: center;\"><strong>Sigrid Risa<\/strong><\/h5><h6 style=\"text-align: center;\">Ekonomi<\/h6><p style=\"text-align: center;\">Mobil <a href=\"http:\/\/+47 905 03 834\" data-wplink-url-error=\"true\">+47 905 03 834<\/a><\/p><p style=\"text-align: center;\"><a href=\"mailto:sigrid@srisa.no\">sigrid@srisa.no<\/a><\/p>\t\t\t\t\t\t\t\t<\/div>\n\t\t\t\t<\/div>\n\t\t\t\t\t<\/div>\n\t\t<\/div>\n\t\t\t\t\t<\/div>\n\t\t<\/section>\n\t\t\t\t<section class=\"elementor-section elementor-top-section elementor-element elementor-element-d7eef22 elementor-section-boxed elementor-section-height-default elementor-section-height-default\" data-id=\"d7eef22\" data-element_type=\"section\" data-e-type=\"section\">\n\t\t\t\t\t\t<div class=\"elementor-container elementor-column-gap-default\">\n\t\t\t\t\t<div class=\"elementor-column elementor-col-20 elementor-top-column elementor-element elementor-element-8da5782\" data-id=\"8da5782\" data-element_type=\"column\" data-e-type=\"column\">\n\t\t\t<div class=\"elementor-widget-wrap elementor-element-populated\">\n\t\t\t\t\t\t<div class=\"elementor-element elementor-element-d02a111 elementor-widget elementor-widget-text-editor\" data-id=\"d02a111\" data-element_type=\"widget\" data-e-type=\"widget\" data-widget_type=\"text-editor.default\">\n\t\t\t\t<div class=\"elementor-widget-container\">\n\t\t\t\t\t\t\t\t\t<h5 style=\"text-align: center;\"><strong>J\u00f8rn Haugland\u00a0<\/strong><\/h5><h6 style=\"text-align: center;\">Produktion\/bearbetning<\/h6><p style=\"text-align: center;\">\u00a0<\/p>\t\t\t\t\t\t\t\t<\/div>\n\t\t\t\t<\/div>\n\t\t\t\t\t<\/div>\n\t\t<\/div>\n\t\t\t\t<div class=\"elementor-column elementor-col-20 elementor-top-column elementor-element elementor-element-9790739\" data-id=\"9790739\" data-element_type=\"column\" data-e-type=\"column\">\n\t\t\t<div class=\"elementor-widget-wrap elementor-element-populated\">\n\t\t\t\t\t\t<div class=\"elementor-element elementor-element-e4fdd34 elementor-widget elementor-widget-text-editor\" data-id=\"e4fdd34\" data-element_type=\"widget\" data-e-type=\"widget\" data-widget_type=\"text-editor.default\">\n\t\t\t\t<div class=\"elementor-widget-container\">\n\t\t\t\t\t\t\t\t\t<h5 style=\"text-align: center;\"><strong>Tom Andre Hofsmo\u00a0<\/strong><\/h5><h6 style=\"text-align: center;\">Produktion\/svets<\/h6><p style=\"text-align: center;\">\u00a0<\/p>\t\t\t\t\t\t\t\t<\/div>\n\t\t\t\t<\/div>\n\t\t\t\t\t<\/div>\n\t\t<\/div>\n\t\t\t\t<div class=\"elementor-column elementor-col-20 elementor-top-column elementor-element elementor-element-73b9d20\" data-id=\"73b9d20\" data-element_type=\"column\" data-e-type=\"column\">\n\t\t\t<div class=\"elementor-widget-wrap elementor-element-populated\">\n\t\t\t\t\t\t<div class=\"elementor-element elementor-element-471197a elementor-widget__width-initial elementor-widget elementor-widget-text-editor\" data-id=\"471197a\" data-element_type=\"widget\" data-e-type=\"widget\" data-widget_type=\"text-editor.default\">\n\t\t\t\t<div class=\"elementor-widget-container\">\n\t\t\t\t\t\t\t\t\t<h5><strong>\u00a0 \u00a0 \u00a0 \u00a0 \u00a0 \u00a0 \u00a0 Arnt Egil Bekkeheien\u00a0<\/strong><\/h5><h6 style=\"text-align: center;\">\u00a0 \u00a0 \u00a0 \u00a0 \u00a0 \u00a0 \u00a0Produktion\/Montering\/Lack<\/h6><p style=\"text-align: center;\">\u00a0<\/p>\t\t\t\t\t\t\t\t<\/div>\n\t\t\t\t<\/div>\n\t\t\t\t\t<\/div>\n\t\t<\/div>\n\t\t\t\t<div class=\"elementor-column elementor-col-20 elementor-top-column elementor-element elementor-element-2317422\" data-id=\"2317422\" data-element_type=\"column\" data-e-type=\"column\">\n\t\t\t<div class=\"elementor-widget-wrap elementor-element-populated\">\n\t\t\t\t\t\t<div class=\"elementor-element elementor-element-41da6e4 elementor-widget elementor-widget-text-editor\" data-id=\"41da6e4\" data-element_type=\"widget\" data-e-type=\"widget\" data-widget_type=\"text-editor.default\">\n\t\t\t\t<div class=\"elementor-widget-container\">\n\t\t\t\t\t\t\t\t\t<h5 style=\"text-align: center;\"><strong>Terje Ved\u00f8y<\/strong><\/h5><h6 style=\"text-align: center;\">\u00a0Produktion\/Montering<\/h6><p style=\"text-align: center;\">\u00a0<\/p>\t\t\t\t\t\t\t\t<\/div>\n\t\t\t\t<\/div>\n\t\t\t\t\t<\/div>\n\t\t<\/div>\n\t\t\t\t<div class=\"elementor-column elementor-col-20 elementor-top-column elementor-element elementor-element-1e3121d\" data-id=\"1e3121d\" data-element_type=\"column\" data-e-type=\"column\">\n\t\t\t<div class=\"elementor-widget-wrap elementor-element-populated\">\n\t\t\t\t\t\t<div class=\"elementor-element elementor-element-99e58ac elementor-widget__width-initial elementor-widget elementor-widget-text-editor\" data-id=\"99e58ac\" data-element_type=\"widget\" data-e-type=\"widget\" data-widget_type=\"text-editor.default\">\n\t\t\t\t<div class=\"elementor-widget-container\">\n\t\t\t\t\t\t\t\t\t<h5>\u00a0 \u00a0 \u00a0 \u00a0 \u00a0 \u00a0 <strong>\u00a0 \u00a0 Guttorm Fosse<\/strong><\/h5><h6>\u00a0 \u00a0 \u00a0 \u00a0 \u00a0 Produksjon\/Industrimekaniker<\/h6>\t\t\t\t\t\t\t\t<\/div>\n\t\t\t\t<\/div>\n\t\t\t\t\t<\/div>\n\t\t<\/div>\n\t\t\t\t\t<\/div>\n\t\t<\/section>\n\t\t\t\t<section class=\"elementor-section elementor-top-section elementor-element elementor-element-4331fa7 elementor-section-stretched elementor-section-full_width elementor-section-height-default elementor-section-height-default\" data-id=\"4331fa7\" data-element_type=\"section\" data-e-type=\"section\" data-settings=\"{&quot;stretch_section&quot;:&quot;section-stretched&quot;,&quot;background_background&quot;:&quot;classic&quot;}\">\n\t\t\t\t\t\t<div class=\"elementor-container elementor-column-gap-default\">\n\t\t\t\t\t<div class=\"elementor-column elementor-col-100 elementor-top-column elementor-element elementor-element-7ed1930\" data-id=\"7ed1930\" data-element_type=\"column\" data-e-type=\"column\">\n\t\t\t<div class=\"elementor-widget-wrap elementor-element-populated\">\n\t\t\t\t\t\t<div class=\"elementor-element elementor-element-9215cd5 elementor-widget elementor-widget-google_maps\" data-id=\"9215cd5\" data-element_type=\"widget\" data-e-type=\"widget\" data-widget_type=\"google_maps.default\">\n\t\t\t\t<div class=\"elementor-widget-container\">\n\t\t\t\t\t\t\t<div class=\"elementor-custom-embed\">\n\t\t\t<iframe loading=\"lazy\"\n\t\t\t\t\tsrc=\"https:\/\/maps.google.com\/maps?q=S.%20Risa%20AS&#038;t=m&#038;z=11&#038;output=embed&#038;iwloc=near\"\n\t\t\t\t\ttitle=\"S. Risa AS\"\n\t\t\t\t\taria-label=\"S. Risa AS\"\n\t\t\t><\/iframe>\n\t\t<\/div>\n\t\t\t\t\t\t<\/div>\n\t\t\t\t<\/div>\n\t\t\t\t\t<\/div>\n\t\t<\/div>\n\t\t\t\t\t<\/div>\n\t\t<\/section>\n\t\t\t\t<\/div>","protected":false},"excerpt":{"rendered":"<p>+47 51 48 44 03 S. Risa AS Sikvalandsveien 43\u00a04342 Undheim post@srisa.no KONTAKTSKJEMA, TRYKK HER BESTILL SERVICE P\u00c5 STICKSET Sigvald Risa\u00a0 Utvikling\/salg\/support Mobil +47 917 22 128 sigvald@srisa.no Ingebret Tunheim Automasjon\/salg\/support Mobil +47 916 71 422 ingebret@srisa.no Sune Risa Utvikling\/Salg\/Support Mobil +47 96902680 sune@srisa.no Sigrid Risa \u00d8konomi Mobil +47 905 03 834 sigrid@srisa.no J\u00f8rn Haugland\u00a0 [&hellip;]<\/p>\n","protected":false},"author":1,"featured_media":0,"parent":0,"menu_order":0,"comment_status":"closed","ping_status":"closed","template":"","meta":{"footnotes":""},"class_list":["post-826","page","type-page","status-publish","hentry"],"yoast_head":"<!-- This site is optimized with the Yoast SEO plugin v27.4 - https:\/\/yoast.com\/product\/yoast-seo-wordpress\/ -->\n<title>Kontakt - S. Risa AS<\/title>\n<meta name=\"robots\" content=\"index, follow, max-snippet:-1, max-image-preview:large, max-video-preview:-1\" \/>\n<link rel=\"canonical\" href=\"https:\/\/www.srisa.no\/sv\/kontakt\/\" \/>\n<meta property=\"og:locale\" content=\"sv_SE\" \/>\n<meta property=\"og:type\" content=\"article\" \/>\n<meta property=\"og:title\" content=\"Kontakt - S. Risa AS\" \/>\n<meta property=\"og:description\" content=\"+47 51 48 44 03 S. Risa AS Sikvalandsveien 43\u00a04342 Undheim post@srisa.no KONTAKTSKJEMA, TRYKK HER BESTILL SERVICE P\u00c5 STICKSET Sigvald Risa\u00a0 Utvikling\/salg\/support Mobil +47 917 22 128 sigvald@srisa.no Ingebret Tunheim Automasjon\/salg\/support Mobil +47 916 71 422 ingebret@srisa.no Sune Risa Utvikling\/Salg\/Support Mobil +47 96902680 sune@srisa.no Sigrid Risa \u00d8konomi Mobil +47 905 03 834 sigrid@srisa.no J\u00f8rn Haugland\u00a0 [&hellip;]\" \/>\n<meta property=\"og:url\" content=\"https:\/\/www.srisa.no\/sv\/kontakt\/\" \/>\n<meta property=\"og:site_name\" content=\"S. Risa AS\" \/>\n<meta property=\"article:modified_time\" content=\"2026-03-25T10:54:17+00:00\" \/>\n<meta name=\"twitter:card\" content=\"summary_large_image\" \/>\n<meta name=\"twitter:label1\" content=\"Ber\u00e4knad l\u00e4stid\" \/>\n\t<meta name=\"twitter:data1\" content=\"1 minut\" \/>\n<script type=\"application\/ld+json\" class=\"yoast-schema-graph\">{\"@context\":\"https:\\\/\\\/schema.org\",\"@graph\":[{\"@type\":\"WebPage\",\"@id\":\"https:\\\/\\\/www.srisa.no\\\/kontakt\\\/\",\"url\":\"https:\\\/\\\/www.srisa.no\\\/kontakt\\\/\",\"name\":\"Kontakt - S. Risa AS\",\"isPartOf\":{\"@id\":\"https:\\\/\\\/www.srisa.no\\\/#website\"},\"datePublished\":\"2021-11-21T18:48:41+00:00\",\"dateModified\":\"2026-03-25T10:54:17+00:00\",\"breadcrumb\":{\"@id\":\"https:\\\/\\\/www.srisa.no\\\/kontakt\\\/#breadcrumb\"},\"inLanguage\":\"sv-SE\",\"potentialAction\":[{\"@type\":\"ReadAction\",\"target\":[\"https:\\\/\\\/www.srisa.no\\\/kontakt\\\/\"]}]},{\"@type\":\"BreadcrumbList\",\"@id\":\"https:\\\/\\\/www.srisa.no\\\/kontakt\\\/#breadcrumb\",\"itemListElement\":[{\"@type\":\"ListItem\",\"position\":1,\"name\":\"Home\",\"item\":\"https:\\\/\\\/www.srisa.no\\\/\"},{\"@type\":\"ListItem\",\"position\":2,\"name\":\"Kontakt\"}]},{\"@type\":\"WebSite\",\"@id\":\"https:\\\/\\\/www.srisa.no\\\/#website\",\"url\":\"https:\\\/\\\/www.srisa.no\\\/\",\"name\":\"S. Risa AS\",\"description\":\"Spesialutstyr for veivedlikehold\",\"publisher\":{\"@id\":\"https:\\\/\\\/www.srisa.no\\\/#organization\"},\"potentialAction\":[{\"@type\":\"SearchAction\",\"target\":{\"@type\":\"EntryPoint\",\"urlTemplate\":\"https:\\\/\\\/www.srisa.no\\\/?s={search_term_string}\"},\"query-input\":{\"@type\":\"PropertyValueSpecification\",\"valueRequired\":true,\"valueName\":\"search_term_string\"}}],\"inLanguage\":\"sv-SE\"},{\"@type\":\"Organization\",\"@id\":\"https:\\\/\\\/www.srisa.no\\\/#organization\",\"name\":\"S. Risa AS\",\"url\":\"https:\\\/\\\/www.srisa.no\\\/\",\"logo\":{\"@type\":\"ImageObject\",\"inLanguage\":\"sv-SE\",\"@id\":\"https:\\\/\\\/www.srisa.no\\\/#\\\/schema\\\/logo\\\/image\\\/\",\"url\":\"https:\\\/\\\/www.srisa.no\\\/wp-content\\\/uploads\\\/2021\\\/11\\\/logo.png\",\"contentUrl\":\"https:\\\/\\\/www.srisa.no\\\/wp-content\\\/uploads\\\/2021\\\/11\\\/logo.png\",\"width\":325,\"height\":75,\"caption\":\"S. Risa AS\"},\"image\":{\"@id\":\"https:\\\/\\\/www.srisa.no\\\/#\\\/schema\\\/logo\\\/image\\\/\"}}]}<\/script>\n<!-- \/ Yoast SEO plugin. -->","yoast_head_json":{"title":"Kontakt - S. Risa AS","robots":{"index":"index","follow":"follow","max-snippet":"max-snippet:-1","max-image-preview":"max-image-preview:large","max-video-preview":"max-video-preview:-1"},"canonical":"https:\/\/www.srisa.no\/sv\/kontakt\/","og_locale":"sv_SE","og_type":"article","og_title":"Kontakt - S. Risa AS","og_description":"+47 51 48 44 03 S. Risa AS Sikvalandsveien 43\u00a04342 Undheim post@srisa.no KONTAKTSKJEMA, TRYKK HER BESTILL SERVICE P\u00c5 STICKSET Sigvald Risa\u00a0 Utvikling\/salg\/support Mobil +47 917 22 128 sigvald@srisa.no Ingebret Tunheim Automasjon\/salg\/support Mobil +47 916 71 422 ingebret@srisa.no Sune Risa Utvikling\/Salg\/Support Mobil +47 96902680 sune@srisa.no Sigrid Risa \u00d8konomi Mobil +47 905 03 834 sigrid@srisa.no J\u00f8rn Haugland\u00a0 [&hellip;]","og_url":"https:\/\/www.srisa.no\/sv\/kontakt\/","og_site_name":"S. Risa AS","article_modified_time":"2026-03-25T10:54:17+00:00","twitter_card":"summary_large_image","twitter_misc":{"Ber\u00e4knad l\u00e4stid":"1 minut"},"schema":{"@context":"https:\/\/schema.org","@graph":[{"@type":"WebPage","@id":"https:\/\/www.srisa.no\/kontakt\/","url":"https:\/\/www.srisa.no\/kontakt\/","name":"Kontakt - S. Risa AS","isPartOf":{"@id":"https:\/\/www.srisa.no\/#website"},"datePublished":"2021-11-21T18:48:41+00:00","dateModified":"2026-03-25T10:54:17+00:00","breadcrumb":{"@id":"https:\/\/www.srisa.no\/kontakt\/#breadcrumb"},"inLanguage":"sv-SE","potentialAction":[{"@type":"ReadAction","target":["https:\/\/www.srisa.no\/kontakt\/"]}]},{"@type":"BreadcrumbList","@id":"https:\/\/www.srisa.no\/kontakt\/#breadcrumb","itemListElement":[{"@type":"ListItem","position":1,"name":"Home","item":"https:\/\/www.srisa.no\/"},{"@type":"ListItem","position":2,"name":"Kontakt"}]},{"@type":"WebSite","@id":"https:\/\/www.srisa.no\/#website","url":"https:\/\/www.srisa.no\/","name":"S. Risa AS","description":"Specialutrustning f\u00f6r v\u00e4gunderh\u00e5ll","publisher":{"@id":"https:\/\/www.srisa.no\/#organization"},"potentialAction":[{"@type":"SearchAction","target":{"@type":"EntryPoint","urlTemplate":"https:\/\/www.srisa.no\/?s={search_term_string}"},"query-input":{"@type":"PropertyValueSpecification","valueRequired":true,"valueName":"search_term_string"}}],"inLanguage":"sv-SE"},{"@type":"Organization","@id":"https:\/\/www.srisa.no\/#organization","name":"S. Risa AS","url":"https:\/\/www.srisa.no\/","logo":{"@type":"ImageObject","inLanguage":"sv-SE","@id":"https:\/\/www.srisa.no\/#\/schema\/logo\/image\/","url":"https:\/\/www.srisa.no\/wp-content\/uploads\/2021\/11\/logo.png","contentUrl":"https:\/\/www.srisa.no\/wp-content\/uploads\/2021\/11\/logo.png","width":325,"height":75,"caption":"S. Risa AS"},"image":{"@id":"https:\/\/www.srisa.no\/#\/schema\/logo\/image\/"}}]}},"_links":{"self":[{"href":"https:\/\/www.srisa.no\/sv\/wp-json\/wp\/v2\/pages\/826","targetHints":{"allow":["GET"]}}],"collection":[{"href":"https:\/\/www.srisa.no\/sv\/wp-json\/wp\/v2\/pages"}],"about":[{"href":"https:\/\/www.srisa.no\/sv\/wp-json\/wp\/v2\/types\/page"}],"author":[{"embeddable":true,"href":"https:\/\/www.srisa.no\/sv\/wp-json\/wp\/v2\/users\/1"}],"replies":[{"embeddable":true,"href":"https:\/\/www.srisa.no\/sv\/wp-json\/wp\/v2\/comments?post=826"}],"version-history":[{"count":11,"href":"https:\/\/www.srisa.no\/sv\/wp-json\/wp\/v2\/pages\/826\/revisions"}],"predecessor-version":[{"id":2678,"href":"https:\/\/www.srisa.no\/sv\/wp-json\/wp\/v2\/pages\/826\/revisions\/2678"}],"wp:attachment":[{"href":"https:\/\/www.srisa.no\/sv\/wp-json\/wp\/v2\/media?parent=826"}],"curies":[{"name":"wp","href":"https:\/\/api.w.org\/{rel}","templated":true}]}}