{"id":1641,"date":"2021-12-06T16:16:42","date_gmt":"2021-12-06T16:16:42","guid":{"rendered":"https:\/\/www.srisa.no\/?page_id=1641"},"modified":"2021-12-06T16:19:32","modified_gmt":"2021-12-06T16:19:32","slug":"personvern","status":"publish","type":"page","link":"https:\/\/www.srisa.no\/sv\/personvern\/","title":{"rendered":"INTEGRITET"},"content":{"rendered":"<div data-elementor-type=\"wp-page\" data-elementor-id=\"1641\" class=\"elementor elementor-1641\">\n\t\t\t\t\t\t<section class=\"elementor-section elementor-top-section elementor-element elementor-element-1497b2f5 elementor-section-boxed elementor-section-height-default elementor-section-height-default\" data-id=\"1497b2f5\" data-element_type=\"section\" data-e-type=\"section\">\n\t\t\t\t\t\t<div class=\"elementor-container elementor-column-gap-default\">\n\t\t\t\t\t<div class=\"elementor-column elementor-col-33 elementor-top-column elementor-element elementor-element-1c251027\" data-id=\"1c251027\" data-element_type=\"column\" data-e-type=\"column\">\n\t\t\t<div class=\"elementor-widget-wrap elementor-element-populated\">\n\t\t\t\t\t\t<div class=\"elementor-element elementor-element-5f13d8da elementor-widget elementor-widget-text-editor\" data-id=\"5f13d8da\" data-element_type=\"widget\" data-e-type=\"widget\" data-widget_type=\"text-editor.default\">\n\t\t\t\t<div class=\"elementor-widget-container\">\n\t\t\t\t\t\t\t\t\t<p style=\"text-align: center;\">S.Risa AS<br \/>Sikvalandsveien 43<br \/>4342 Undheim<\/p>\t\t\t\t\t\t\t\t<\/div>\n\t\t\t\t<\/div>\n\t\t\t\t\t<\/div>\n\t\t<\/div>\n\t\t\t\t<div class=\"elementor-column elementor-col-33 elementor-top-column elementor-element elementor-element-553f87a2\" data-id=\"553f87a2\" data-element_type=\"column\" data-e-type=\"column\">\n\t\t\t<div class=\"elementor-widget-wrap elementor-element-populated\">\n\t\t\t\t\t\t<div class=\"elementor-element elementor-element-25529671 elementor-widget elementor-widget-text-editor\" data-id=\"25529671\" data-element_type=\"widget\" data-e-type=\"widget\" data-widget_type=\"text-editor.default\">\n\t\t\t\t<div class=\"elementor-widget-container\">\n\t\t\t\t\t\t\t\t\t<p style=\"text-align: center;\">Org nr 988934852<\/p>\t\t\t\t\t\t\t\t<\/div>\n\t\t\t\t<\/div>\n\t\t\t\t\t<\/div>\n\t\t<\/div>\n\t\t\t\t<div class=\"elementor-column elementor-col-33 elementor-top-column elementor-element elementor-element-118c6ad9\" data-id=\"118c6ad9\" data-element_type=\"column\" data-e-type=\"column\">\n\t\t\t<div class=\"elementor-widget-wrap elementor-element-populated\">\n\t\t\t\t\t\t<div class=\"elementor-element elementor-element-77902180 elementor-widget elementor-widget-text-editor\" data-id=\"77902180\" data-element_type=\"widget\" data-e-type=\"widget\" data-widget_type=\"text-editor.default\">\n\t\t\t\t<div class=\"elementor-widget-container\">\n\t\t\t\t\t\t\t\t\t<p style=\"text-align: center;\">Kontaktinformation:<br \/>Tel .: +47 51 48 44 03<br \/>E-post: post@srisa.no<\/p>\t\t\t\t\t\t\t\t<\/div>\n\t\t\t\t<\/div>\n\t\t\t\t\t<\/div>\n\t\t<\/div>\n\t\t\t\t\t<\/div>\n\t\t<\/section>\n\t\t\t\t<section class=\"elementor-section elementor-top-section elementor-element elementor-element-38b3c9da elementor-section-boxed elementor-section-height-default elementor-section-height-default\" data-id=\"38b3c9da\" data-element_type=\"section\" data-e-type=\"section\">\n\t\t\t\t\t\t<div class=\"elementor-container elementor-column-gap-default\">\n\t\t\t\t\t<div class=\"elementor-column elementor-col-100 elementor-top-column elementor-element elementor-element-17ca1de\" data-id=\"17ca1de\" data-element_type=\"column\" data-e-type=\"column\">\n\t\t\t<div class=\"elementor-widget-wrap elementor-element-populated\">\n\t\t\t\t\t\t<div class=\"elementor-element elementor-element-4a85c194 elementor-widget-divider--view-line elementor-widget elementor-widget-divider\" data-id=\"4a85c194\" data-element_type=\"widget\" data-e-type=\"widget\" data-widget_type=\"divider.default\">\n\t\t\t\t<div class=\"elementor-widget-container\">\n\t\t\t\t\t\t\t<div class=\"elementor-divider\">\n\t\t\t<span class=\"elementor-divider-separator\">\n\t\t\t\t\t\t<\/span>\n\t\t<\/div>\n\t\t\t\t\t\t<\/div>\n\t\t\t\t<\/div>\n\t\t\t\t\t<\/div>\n\t\t<\/div>\n\t\t\t\t\t<\/div>\n\t\t<\/section>\n\t\t\t\t<section class=\"elementor-section elementor-top-section elementor-element elementor-element-4909a1e0 elementor-section-boxed elementor-section-height-default elementor-section-height-default\" data-id=\"4909a1e0\" data-element_type=\"section\" data-e-type=\"section\">\n\t\t\t\t\t\t<div class=\"elementor-container elementor-column-gap-default\">\n\t\t\t\t\t<div class=\"elementor-column elementor-col-50 elementor-top-column elementor-element elementor-element-3485d72c\" data-id=\"3485d72c\" data-element_type=\"column\" data-e-type=\"column\">\n\t\t\t<div class=\"elementor-widget-wrap elementor-element-populated\">\n\t\t\t\t\t\t<div class=\"elementor-element elementor-element-6944ce76 elementor-widget elementor-widget-text-editor\" data-id=\"6944ce76\" data-element_type=\"widget\" data-e-type=\"widget\" data-widget_type=\"text-editor.default\">\n\t\t\t\t<div class=\"elementor-widget-container\">\n\t\t\t\t\t\t\t\t\t<p><strong>Personuppgifter som behandlas.\u00a0<\/strong><br \/>F\u00f6rnamn och efternamn<br \/>Adress<br \/>Telefon<br \/>E-post<br \/>F\u00f6retagsnamn och org.nr<br \/>Kontaktperson<\/p><p><strong>Vad anv\u00e4nds personuppgifter till?<\/strong><br \/>F\u00f6retaget anv\u00e4nder personuppgifterna f\u00f6r att hantera din kundrelation med oss. Vi kan komma att anv\u00e4nda din information f\u00f6r f\u00f6ljande \u00e4ndam\u00e5l:<\/p><ul><li>Att behandla f\u00f6rfr\u00e5gningar<\/li><li>G\u00f6r inspektioner om s\u00e5 \u00f6nskas<\/li><li>Ev. best\u00e4lla varor<\/li><li>Ev. skicka faktura<\/li><li>F\u00f6r att testa och f\u00f6rb\u00e4ttra de system vi anv\u00e4nder f\u00f6r att erbjuda tj\u00e4nster<\/li><li>Att kunna kommunicera<\/li><\/ul><p>Informationen vi f\u00e5r kommer att anv\u00e4ndas f\u00f6r att kontakta dig och vi kommer endast att samla in information som \u00e4r n\u00f6dv\u00e4ndig f\u00f6r det faktiska \u00e4ndam\u00e5l f\u00f6r vilket den ska anv\u00e4ndas.<\/p><p><strong>Utl\u00e4mnande av personlig information<\/strong><br \/>Vi s\u00e4ljer inte personlig information i marknadsf\u00f6ringssyfte till andra f\u00f6retag. Vi kan endast dela dina personuppgifter i f\u00f6ljande fall:<\/p><ul><li>Med tredje part, vid best\u00e4llning inkluderar varor levererade av tredje part<\/li><li>Med en tredjepartsleverant\u00f6r som utf\u00f6r uppgifter eller arbetar f\u00f6r v\u00e5r r\u00e4kning och enligt v\u00e5ra instruktioner<\/li><li>Med myndigheter eller myndigheter n\u00e4r det kr\u00e4vs enligt lagstiftning, domstolsbeslut eller slutliga beslut fr\u00e5n myndigheter.<\/li><\/ul><p><strong><br \/>Var lagras dina personuppgifter?<\/strong><br \/>Din information lagras i v\u00e5rt datasystem. Vi har god s\u00e4kerhet f\u00f6r detta och endast n\u00f6dv\u00e4ndig personal har tillg\u00e5ng till relevant information.<br \/><span style=\"color: var( --e-global-color-23f054e8 ); font-family: var( --e-global-typography-text-font-family );\"><br \/><b>Google<\/b><\/span><\/p><p>Vi anv\u00e4nder Google Analytics f\u00f6r att m\u00e4ta antalet bes\u00f6kare, vilka sidor som \u00e4r mest popul\u00e4ra, hur l\u00e4nge bes\u00f6ken varar och annan relaterad information.<\/p><p>Denna information anonymiseras s\u00e5 l\u00e5ngt det \u00e4r m\u00f6jligt via Google Analytics verktyg, och den anv\u00e4nds endast f\u00f6r att ge ett helhetsintryck, vi identifierar inte individer genom statistikinsamling.<\/p><p><a href=\"https:\/\/policies.google.com\/privacy\">L\u00e4s mer i sekretesspolicyn fr\u00e5n Google<\/a>.<\/p><p>Vi anv\u00e4nder Google Adwords annonssystem. Med AdWords kan annons\u00f6rer n\u00e5 personer som aktivt s\u00f6ker efter deras produkter eller tj\u00e4nster i Googles s\u00f6kmotor.\u00a0<\/p><p><a href=\"https:\/\/policies.google.com\/technologies\/ads\">H\u00e4r kan du l\u00e4sa om hur Google AdWords anv\u00e4nder cookies.<\/a><\/p><p>\u00a0<\/p>\t\t\t\t\t\t\t\t<\/div>\n\t\t\t\t<\/div>\n\t\t\t\t\t<\/div>\n\t\t<\/div>\n\t\t\t\t<div class=\"elementor-column elementor-col-50 elementor-top-column elementor-element elementor-element-306fba4e\" data-id=\"306fba4e\" data-element_type=\"column\" data-e-type=\"column\">\n\t\t\t<div class=\"elementor-widget-wrap elementor-element-populated\">\n\t\t\t\t\t\t<div class=\"elementor-element elementor-element-556043ca elementor-widget elementor-widget-text-editor\" data-id=\"556043ca\" data-element_type=\"widget\" data-e-type=\"widget\" data-widget_type=\"text-editor.default\">\n\t\t\t\t<div class=\"elementor-widget-container\">\n\t\t\t\t\t\t\t\t\t<p><strong>Sm\u00e5kakor. Hur vi anv\u00e4nder cookies.<\/strong><br \/>Vi anv\u00e4nder cookies f\u00f6r att ge dig b\u00e4ttre tj\u00e4nster. Vissa cookies \u00e4r absolut n\u00f6dv\u00e4ndiga f\u00f6r webbplatsens funktionalitet, medan andra anv\u00e4nds f\u00f6r att f\u00f6rb\u00e4ttra prestandan och anv\u00e4ndarupplevelsen.<\/p><p>Funktionella cookies anv\u00e4nds f\u00f6r att: - komma ih\u00e5g dina inloggningsuppgifter - s\u00e4kerst\u00e4lla s\u00e4kerheten n\u00e4r du \u00e4r inloggad - s\u00e4kerst\u00e4lla att webbplatsen fungerar bra f\u00f6r dig som anv\u00e4ndare.<\/p><p>Prestandacookies anv\u00e4nds f\u00f6r att: - Hj\u00e4lper webbsidorna att laddas snabbare och f\u00f6rb\u00e4ttrar anv\u00e4ndarupplevelsen.<\/p><p>Riktade cookies anv\u00e4nds f\u00f6r att: - l\u00e5ta dig dela och gilla inneh\u00e5ll - skicka information till andra webbplatser f\u00f6r att anpassa deras reklam<\/p><p><strong>Exempel p\u00e5 anv\u00e4ndning<\/strong><br \/>Cookies anv\u00e4nds f\u00f6r att g\u00f6ra dina tj\u00e4nster \u00e4nnu b\u00e4ttre, till exempel genom att: - aktivera en tj\u00e4nst som k\u00e4nner igen din enhet, s\u00e5 att du inte beh\u00f6ver ange samma information flera g\u00e5nger - kom ih\u00e5g att du redan har angett ditt anv\u00e4ndarnamn och l\u00f6senord n\u00e4r du \u00e4r inloggade p\u00e5 sidorna , s\u00e5 att du inte beh\u00f6ver g\u00f6ra det igen f\u00f6r varje sida - m\u00e4ta hur m\u00e5nga som anv\u00e4nder tj\u00e4nsterna, s\u00e5 att vi kan g\u00f6ra dem enklare och snabbare - analysera data f\u00f6r att hj\u00e4lpa oss f\u00f6rst\u00e5 hur du anv\u00e4nder tj\u00e4nsterna online, s\u00e5 vi kan f\u00f6rb\u00e4ttra dem<\/p><p>Om du inte till\u00e5ter oss att anv\u00e4nda cookies kommer vissa funktioner och webbplatserna inte att fungera korrekt. Om du vill radera cookies som redan finns lagrade p\u00e5 din dator m\u00e5ste du f\u00f6lja instruktionerna f\u00f6r webbl\u00e4saren genom att klicka p\u00e5 Hj\u00e4lp i menyn.<\/p><p>Du kan l\u00e4sa mer om cookies och hur du anv\u00e4nder dem <a href=\"http:\/\/www.aboutcookies.org\/\">www.aboutcookies.org<\/a> eller genom att klicka p\u00e5 Hj\u00e4lp i din webbl\u00e4sare.<\/p><p><strong>Tredjepartsverktyg -\u00a0<span style=\"color: var( --e-global-color-217958dd ); font-family: var( --e-global-typography-text-font-family ), Sans-serif; font-size: 1rem;\">Tredje parts inneh\u00e5ll<br \/><\/span><\/strong>Ibland publicerar vi videor, bilder eller annat inneh\u00e5ll fr\u00e5n andra tredje parts webbplatser. S\u00e5dant inneh\u00e5ll kan behandla bes\u00f6karen som om de befann sig p\u00e5 inneh\u00e5llets egen webbplats och det kan d\u00e4rf\u00f6r h\u00e4nda att information lagras eller statistik inh\u00e4mtas fr\u00e5n dessa tredje parter.<\/p><p><strong>Vilka r\u00e4ttigheter har du?<\/strong><\/p><ul><li>Du kan beg\u00e4ra att vi raderar dina personuppgifter fr\u00e5n v\u00e5rt register. Vi f\u00e5r inte radera data som lagen kr\u00e4ver att vi beh\u00e5ller.<\/li><li>Du kan beg\u00e4ra r\u00e4ttelse av dina uppgifter om du anser att de \u00e4r felaktiga.<\/li><li>Du kan beg\u00e4ra en kopia av de personuppgifter vi har om dig.<\/li><\/ul>\t\t\t\t\t\t\t\t<\/div>\n\t\t\t\t<\/div>\n\t\t\t\t\t<\/div>\n\t\t<\/div>\n\t\t\t\t\t<\/div>\n\t\t<\/section>\n\t\t\t\t<\/div>","protected":false},"excerpt":{"rendered":"<p>S.Risa ASSikvalandsveien 434342 Undheim Org nr 988934852 Kontaktinformasjon:Tlf.: +47 51 48 44 03E-post: post@srisa.no Personopplysninger som behandles.\u00a0Fornavn og etternavnAdresseTelefonEpostFirmanavn og org.nrKontaktperson Hva brukes personopplysningene til?Virksomheten bruker personopplysningene for \u00e5 h\u00e5ndtere ditt kundeforhold til oss. Vi kan bruke dine opplysninger til f\u00f8lgende form\u00e5l: For \u00e5 behandle henvendelser Foreta befaringer om \u00f8nskelig Ev. bestille varer Ev. sende [&hellip;]<\/p>\n","protected":false},"author":1,"featured_media":0,"parent":0,"menu_order":0,"comment_status":"closed","ping_status":"closed","template":"","meta":{"footnotes":""},"class_list":["post-1641","page","type-page","status-publish","hentry"],"yoast_head":"<!-- This site is optimized with the Yoast SEO plugin v27.5 - https:\/\/yoast.com\/product\/yoast-seo-wordpress\/ -->\n<title>PERSONVERN - S. Risa AS<\/title>\n<meta name=\"robots\" content=\"index, follow, max-snippet:-1, max-image-preview:large, max-video-preview:-1\" \/>\n<link rel=\"canonical\" href=\"https:\/\/www.srisa.no\/sv\/personvern\/\" \/>\n<meta property=\"og:locale\" content=\"sv_SE\" \/>\n<meta property=\"og:type\" content=\"article\" \/>\n<meta property=\"og:title\" content=\"PERSONVERN - S. Risa AS\" \/>\n<meta property=\"og:description\" content=\"S.Risa ASSikvalandsveien 434342 Undheim Org nr 988934852 Kontaktinformasjon:Tlf.: +47 51 48 44 03E-post: post@srisa.no Personopplysninger som behandles.\u00a0Fornavn og etternavnAdresseTelefonEpostFirmanavn og org.nrKontaktperson Hva brukes personopplysningene til?Virksomheten bruker personopplysningene for \u00e5 h\u00e5ndtere ditt kundeforhold til oss. Vi kan bruke dine opplysninger til f\u00f8lgende form\u00e5l: For \u00e5 behandle henvendelser Foreta befaringer om \u00f8nskelig Ev. bestille varer Ev. sende [&hellip;]\" \/>\n<meta property=\"og:url\" content=\"https:\/\/www.srisa.no\/sv\/personvern\/\" \/>\n<meta property=\"og:site_name\" content=\"S. Risa AS\" \/>\n<meta property=\"article:modified_time\" content=\"2021-12-06T16:19:32+00:00\" \/>\n<meta name=\"twitter:card\" content=\"summary_large_image\" \/>\n<meta name=\"twitter:label1\" content=\"Ber\u00e4knad l\u00e4stid\" \/>\n\t<meta name=\"twitter:data1\" content=\"3 minuter\" \/>\n<script type=\"application\/ld+json\" class=\"yoast-schema-graph\">{\"@context\":\"https:\\\/\\\/schema.org\",\"@graph\":[{\"@type\":\"WebPage\",\"@id\":\"https:\\\/\\\/www.srisa.no\\\/personvern\\\/\",\"url\":\"https:\\\/\\\/www.srisa.no\\\/personvern\\\/\",\"name\":\"PERSONVERN - S. Risa AS\",\"isPartOf\":{\"@id\":\"https:\\\/\\\/www.srisa.no\\\/#website\"},\"datePublished\":\"2021-12-06T16:16:42+00:00\",\"dateModified\":\"2021-12-06T16:19:32+00:00\",\"breadcrumb\":{\"@id\":\"https:\\\/\\\/www.srisa.no\\\/personvern\\\/#breadcrumb\"},\"inLanguage\":\"sv-SE\",\"potentialAction\":[{\"@type\":\"ReadAction\",\"target\":[\"https:\\\/\\\/www.srisa.no\\\/personvern\\\/\"]}]},{\"@type\":\"BreadcrumbList\",\"@id\":\"https:\\\/\\\/www.srisa.no\\\/personvern\\\/#breadcrumb\",\"itemListElement\":[{\"@type\":\"ListItem\",\"position\":1,\"name\":\"Home\",\"item\":\"https:\\\/\\\/www.srisa.no\\\/\"},{\"@type\":\"ListItem\",\"position\":2,\"name\":\"PERSONVERN\"}]},{\"@type\":\"WebSite\",\"@id\":\"https:\\\/\\\/www.srisa.no\\\/#website\",\"url\":\"https:\\\/\\\/www.srisa.no\\\/\",\"name\":\"S. Risa AS\",\"description\":\"Spesialutstyr for veivedlikehold\",\"publisher\":{\"@id\":\"https:\\\/\\\/www.srisa.no\\\/#organization\"},\"potentialAction\":[{\"@type\":\"SearchAction\",\"target\":{\"@type\":\"EntryPoint\",\"urlTemplate\":\"https:\\\/\\\/www.srisa.no\\\/?s={search_term_string}\"},\"query-input\":{\"@type\":\"PropertyValueSpecification\",\"valueRequired\":true,\"valueName\":\"search_term_string\"}}],\"inLanguage\":\"sv-SE\"},{\"@type\":\"Organization\",\"@id\":\"https:\\\/\\\/www.srisa.no\\\/#organization\",\"name\":\"S. Risa AS\",\"url\":\"https:\\\/\\\/www.srisa.no\\\/\",\"logo\":{\"@type\":\"ImageObject\",\"inLanguage\":\"sv-SE\",\"@id\":\"https:\\\/\\\/www.srisa.no\\\/#\\\/schema\\\/logo\\\/image\\\/\",\"url\":\"https:\\\/\\\/www.srisa.no\\\/wp-content\\\/uploads\\\/2021\\\/11\\\/logo.png\",\"contentUrl\":\"https:\\\/\\\/www.srisa.no\\\/wp-content\\\/uploads\\\/2021\\\/11\\\/logo.png\",\"width\":325,\"height\":75,\"caption\":\"S. Risa AS\"},\"image\":{\"@id\":\"https:\\\/\\\/www.srisa.no\\\/#\\\/schema\\\/logo\\\/image\\\/\"}}]}<\/script>\n<!-- \/ Yoast SEO plugin. -->","yoast_head_json":{"title":"SEKRETESS - S. Risa AS","robots":{"index":"index","follow":"follow","max-snippet":"max-snippet:-1","max-image-preview":"max-image-preview:large","max-video-preview":"max-video-preview:-1"},"canonical":"https:\/\/www.srisa.no\/sv\/personvern\/","og_locale":"sv_SE","og_type":"article","og_title":"PERSONVERN - S. Risa AS","og_description":"S.Risa ASSikvalandsveien 434342 Undheim Org nr 988934852 Kontaktinformasjon:Tlf.: +47 51 48 44 03E-post: post@srisa.no Personopplysninger som behandles.\u00a0Fornavn og etternavnAdresseTelefonEpostFirmanavn og org.nrKontaktperson Hva brukes personopplysningene til?Virksomheten bruker personopplysningene for \u00e5 h\u00e5ndtere ditt kundeforhold til oss. Vi kan bruke dine opplysninger til f\u00f8lgende form\u00e5l: For \u00e5 behandle henvendelser Foreta befaringer om \u00f8nskelig Ev. bestille varer Ev. sende [&hellip;]","og_url":"https:\/\/www.srisa.no\/sv\/personvern\/","og_site_name":"S. Risa AS","article_modified_time":"2021-12-06T16:19:32+00:00","twitter_card":"summary_large_image","twitter_misc":{"Ber\u00e4knad l\u00e4stid":"3 minuter"},"schema":{"@context":"https:\/\/schema.org","@graph":[{"@type":"WebPage","@id":"https:\/\/www.srisa.no\/personvern\/","url":"https:\/\/www.srisa.no\/personvern\/","name":"SEKRETESS - S. Risa AS","isPartOf":{"@id":"https:\/\/www.srisa.no\/#website"},"datePublished":"2021-12-06T16:16:42+00:00","dateModified":"2021-12-06T16:19:32+00:00","breadcrumb":{"@id":"https:\/\/www.srisa.no\/personvern\/#breadcrumb"},"inLanguage":"sv-SE","potentialAction":[{"@type":"ReadAction","target":["https:\/\/www.srisa.no\/personvern\/"]}]},{"@type":"BreadcrumbList","@id":"https:\/\/www.srisa.no\/personvern\/#breadcrumb","itemListElement":[{"@type":"ListItem","position":1,"name":"Home","item":"https:\/\/www.srisa.no\/"},{"@type":"ListItem","position":2,"name":"PERSONVERN"}]},{"@type":"WebSite","@id":"https:\/\/www.srisa.no\/#website","url":"https:\/\/www.srisa.no\/","name":"S. Risa AS","description":"Specialutrustning f\u00f6r v\u00e4gunderh\u00e5ll","publisher":{"@id":"https:\/\/www.srisa.no\/#organization"},"potentialAction":[{"@type":"SearchAction","target":{"@type":"EntryPoint","urlTemplate":"https:\/\/www.srisa.no\/?s={search_term_string}"},"query-input":{"@type":"PropertyValueSpecification","valueRequired":true,"valueName":"search_term_string"}}],"inLanguage":"sv-SE"},{"@type":"Organization","@id":"https:\/\/www.srisa.no\/#organization","name":"S. Risa AS","url":"https:\/\/www.srisa.no\/","logo":{"@type":"ImageObject","inLanguage":"sv-SE","@id":"https:\/\/www.srisa.no\/#\/schema\/logo\/image\/","url":"https:\/\/www.srisa.no\/wp-content\/uploads\/2021\/11\/logo.png","contentUrl":"https:\/\/www.srisa.no\/wp-content\/uploads\/2021\/11\/logo.png","width":325,"height":75,"caption":"S. Risa AS"},"image":{"@id":"https:\/\/www.srisa.no\/#\/schema\/logo\/image\/"}}]}},"_links":{"self":[{"href":"https:\/\/www.srisa.no\/sv\/wp-json\/wp\/v2\/pages\/1641","targetHints":{"allow":["GET"]}}],"collection":[{"href":"https:\/\/www.srisa.no\/sv\/wp-json\/wp\/v2\/pages"}],"about":[{"href":"https:\/\/www.srisa.no\/sv\/wp-json\/wp\/v2\/types\/page"}],"author":[{"embeddable":true,"href":"https:\/\/www.srisa.no\/sv\/wp-json\/wp\/v2\/users\/1"}],"replies":[{"embeddable":true,"href":"https:\/\/www.srisa.no\/sv\/wp-json\/wp\/v2\/comments?post=1641"}],"version-history":[{"count":3,"href":"https:\/\/www.srisa.no\/sv\/wp-json\/wp\/v2\/pages\/1641\/revisions"}],"predecessor-version":[{"id":1647,"href":"https:\/\/www.srisa.no\/sv\/wp-json\/wp\/v2\/pages\/1641\/revisions\/1647"}],"wp:attachment":[{"href":"https:\/\/www.srisa.no\/sv\/wp-json\/wp\/v2\/media?parent=1641"}],"curies":[{"name":"wp","href":"https:\/\/api.w.org\/{rel}","templated":true}]}}