{"id":871,"date":"2021-11-22T16:05:31","date_gmt":"2021-11-22T16:05:31","guid":{"rendered":"https:\/\/www.srisa.no\/?page_id=871"},"modified":"2022-11-16T07:50:05","modified_gmt":"2022-11-16T07:50:05","slug":"produkter","status":"publish","type":"page","link":"https:\/\/www.srisa.no\/en\/produkter\/","title":{"rendered":"Products"},"content":{"rendered":"<div data-elementor-type=\"wp-page\" data-elementor-id=\"871\" class=\"elementor elementor-871\">\n\t\t\t\t\t\t<section class=\"elementor-section elementor-top-section elementor-element elementor-element-ba0d574 elementor-section-boxed elementor-section-height-default elementor-section-height-default\" data-id=\"ba0d574\" data-element_type=\"section\" data-e-type=\"section\">\n\t\t\t\t\t\t<div class=\"elementor-container elementor-column-gap-default\">\n\t\t\t\t\t<div class=\"elementor-column elementor-col-100 elementor-top-column elementor-element elementor-element-377b1da\" data-id=\"377b1da\" data-element_type=\"column\" data-e-type=\"column\">\n\t\t\t<div class=\"elementor-widget-wrap elementor-element-populated\">\n\t\t\t\t\t\t<div class=\"elementor-element elementor-element-5c8e5c5 elementor-widget elementor-widget-text-editor\" data-id=\"5c8e5c5\" data-element_type=\"widget\" data-e-type=\"widget\" data-widget_type=\"text-editor.default\">\n\t\t\t\t<div class=\"elementor-widget-container\">\n\t\t\t\t\t\t\t\t\t<p>Find out which of our products you need to perform road maintenance and road marking more efficiently. We have a wide range of special products such as tunnel washing equipment, road marking, high-pressure washing and plow handling.\u00a0<\/p>\t\t\t\t\t\t\t\t<\/div>\n\t\t\t\t<\/div>\n\t\t\t\t\t<\/div>\n\t\t<\/div>\n\t\t\t\t\t<\/div>\n\t\t<\/section>\n\t\t\t\t<section class=\"elementor-section elementor-top-section elementor-element elementor-element-1137611 elementor-section-boxed elementor-section-height-default elementor-section-height-default\" data-id=\"1137611\" data-element_type=\"section\" data-e-type=\"section\">\n\t\t\t\t\t\t<div class=\"elementor-container elementor-column-gap-default\">\n\t\t\t\t\t<div class=\"elementor-column elementor-col-100 elementor-top-column elementor-element elementor-element-14de597\" data-id=\"14de597\" data-element_type=\"column\" data-e-type=\"column\">\n\t\t\t<div class=\"elementor-widget-wrap elementor-element-populated\">\n\t\t\t\t\t\t<div class=\"elementor-element elementor-element-5da1e8b elementor-widget elementor-widget-wp-widget-categories\" data-id=\"5da1e8b\" data-element_type=\"widget\" data-e-type=\"widget\" data-widget_type=\"wp-widget-categories.default\">\n\t\t\t\t<div class=\"elementor-widget-container\">\n\t\t\t\t\t<h5>Categories<\/h5><nav aria-label=\"Categories\">\n\t\t\t<ul>\n\t\t\t\t\t<li class=\"cat-item cat-item-16\"><a href=\"https:\/\/www.srisa.no\/en\/category\/alle\/\">All<\/a>\n<\/li>\n\t<li class=\"cat-item cat-item-6\"><a href=\"https:\/\/www.srisa.no\/en\/category\/utstyr-for-broytestikker\/\">Equipment for snow sticks<\/a>\n<\/li>\n\t<li class=\"cat-item cat-item-13\"><a href=\"https:\/\/www.srisa.no\/en\/category\/tunnelvaskeutstyr\/\">Sign washer \/ Tunnel washer \/ Bridge washer \/ Special building<\/a>\n<\/li>\n\t<li class=\"cat-item cat-item-1\"><a href=\"https:\/\/www.srisa.no\/en\/category\/andre-produkter\/\">Other products<\/a>\n<\/li>\n\t\t\t<\/ul>\n\n\t\t\t<\/nav>\t\t\t\t<\/div>\n\t\t\t\t<\/div>\n\t\t\t\t<div class=\"elementor-element elementor-element-43e8ede elementor-widget elementor-widget-posts\" data-id=\"43e8ede\" data-element_type=\"widget\" data-e-type=\"widget\" data-widget_type=\"posts.cards\">\n\t\t\t\t<div class=\"elementor-widget-container\">\n\t\t\t\t\t \t\t\t\t<\/div>\n\t\t\t\t<\/div>\n\t\t\t\t\t<\/div>\n\t\t<\/div>\n\t\t\t\t\t<\/div>\n\t\t<\/section>\n\t\t\t\t<\/div>","protected":false},"excerpt":{"rendered":"<p>Find out which of our products you need to perform road maintenance and road marking more efficiently. We have a wide range of special products such as tunnel washing equipment, road marking, high-pressure washing and plow handling.\u00a0<\/p>","protected":false},"author":1,"featured_media":0,"parent":0,"menu_order":0,"comment_status":"closed","ping_status":"closed","template":"","meta":{"footnotes":""},"class_list":["post-871","page","type-page","status-publish","hentry"],"yoast_head":"<!-- This site is optimized with the Yoast SEO plugin v27.5 - https:\/\/yoast.com\/product\/yoast-seo-wordpress\/ -->\n<title>Produkter - S. Risa AS<\/title>\n<meta name=\"robots\" content=\"index, follow, max-snippet:-1, max-image-preview:large, max-video-preview:-1\" \/>\n<link rel=\"canonical\" href=\"https:\/\/www.srisa.no\/en\/produkter\/\" \/>\n<meta property=\"og:locale\" content=\"en_GB\" \/>\n<meta property=\"og:type\" content=\"article\" \/>\n<meta property=\"og:title\" content=\"Produkter - S. Risa AS\" \/>\n<meta property=\"og:description\" content=\"Finn ut hvilke av v\u00e5re produkter du trenger for \u00e5 utf\u00f8re veivedlikehold og veimerking mer effektivt. Vi har en lang rekke spesialprodukter som tunellvaskeutstyr, veimerking, h\u00f8ytrykkspyling og br\u00f8ytestikkh\u00e5ndtering.\u00a0\" \/>\n<meta property=\"og:url\" content=\"https:\/\/www.srisa.no\/en\/produkter\/\" \/>\n<meta property=\"og:site_name\" content=\"S. Risa AS\" \/>\n<meta property=\"article:modified_time\" content=\"2022-11-16T07:50:05+00:00\" \/>\n<meta name=\"twitter:card\" content=\"summary_large_image\" \/>\n<meta name=\"twitter:label1\" content=\"Estimated reading time\" \/>\n\t<meta name=\"twitter:data1\" content=\"9 minutes\" \/>\n<script type=\"application\/ld+json\" class=\"yoast-schema-graph\">{\"@context\":\"https:\\\/\\\/schema.org\",\"@graph\":[{\"@type\":\"WebPage\",\"@id\":\"https:\\\/\\\/www.srisa.no\\\/en\\\/produkter\\\/\",\"url\":\"https:\\\/\\\/www.srisa.no\\\/en\\\/produkter\\\/\",\"name\":\"Produkter - S. Risa AS\",\"isPartOf\":{\"@id\":\"https:\\\/\\\/www.srisa.no\\\/#website\"},\"datePublished\":\"2021-11-22T16:05:31+00:00\",\"dateModified\":\"2022-11-16T07:50:05+00:00\",\"breadcrumb\":{\"@id\":\"https:\\\/\\\/www.srisa.no\\\/en\\\/produkter\\\/#breadcrumb\"},\"inLanguage\":\"en-GB\",\"potentialAction\":[{\"@type\":\"ReadAction\",\"target\":[\"https:\\\/\\\/www.srisa.no\\\/en\\\/produkter\\\/\"]}]},{\"@type\":\"BreadcrumbList\",\"@id\":\"https:\\\/\\\/www.srisa.no\\\/en\\\/produkter\\\/#breadcrumb\",\"itemListElement\":[{\"@type\":\"ListItem\",\"position\":1,\"name\":\"Home\",\"item\":\"https:\\\/\\\/www.srisa.no\\\/\"},{\"@type\":\"ListItem\",\"position\":2,\"name\":\"Produkter\"}]},{\"@type\":\"WebSite\",\"@id\":\"https:\\\/\\\/www.srisa.no\\\/#website\",\"url\":\"https:\\\/\\\/www.srisa.no\\\/\",\"name\":\"S. Risa AS\",\"description\":\"Spesialutstyr for veivedlikehold\",\"publisher\":{\"@id\":\"https:\\\/\\\/www.srisa.no\\\/#organization\"},\"potentialAction\":[{\"@type\":\"SearchAction\",\"target\":{\"@type\":\"EntryPoint\",\"urlTemplate\":\"https:\\\/\\\/www.srisa.no\\\/?s={search_term_string}\"},\"query-input\":{\"@type\":\"PropertyValueSpecification\",\"valueRequired\":true,\"valueName\":\"search_term_string\"}}],\"inLanguage\":\"en-GB\"},{\"@type\":\"Organization\",\"@id\":\"https:\\\/\\\/www.srisa.no\\\/#organization\",\"name\":\"S. Risa AS\",\"url\":\"https:\\\/\\\/www.srisa.no\\\/\",\"logo\":{\"@type\":\"ImageObject\",\"inLanguage\":\"en-GB\",\"@id\":\"https:\\\/\\\/www.srisa.no\\\/#\\\/schema\\\/logo\\\/image\\\/\",\"url\":\"https:\\\/\\\/www.srisa.no\\\/wp-content\\\/uploads\\\/2021\\\/11\\\/logo.png\",\"contentUrl\":\"https:\\\/\\\/www.srisa.no\\\/wp-content\\\/uploads\\\/2021\\\/11\\\/logo.png\",\"width\":325,\"height\":75,\"caption\":\"S. Risa AS\"},\"image\":{\"@id\":\"https:\\\/\\\/www.srisa.no\\\/#\\\/schema\\\/logo\\\/image\\\/\"}}]}<\/script>\n<!-- \/ Yoast SEO plugin. -->","yoast_head_json":{"title":"Products - S. Risa AS","robots":{"index":"index","follow":"follow","max-snippet":"max-snippet:-1","max-image-preview":"max-image-preview:large","max-video-preview":"max-video-preview:-1"},"canonical":"https:\/\/www.srisa.no\/en\/produkter\/","og_locale":"en_GB","og_type":"article","og_title":"Produkter - S. Risa AS","og_description":"Finn ut hvilke av v\u00e5re produkter du trenger for \u00e5 utf\u00f8re veivedlikehold og veimerking mer effektivt. Vi har en lang rekke spesialprodukter som tunellvaskeutstyr, veimerking, h\u00f8ytrykkspyling og br\u00f8ytestikkh\u00e5ndtering.\u00a0","og_url":"https:\/\/www.srisa.no\/en\/produkter\/","og_site_name":"S. Risa AS","article_modified_time":"2022-11-16T07:50:05+00:00","twitter_card":"summary_large_image","twitter_misc":{"Estimated reading time":"9 minutes"},"schema":{"@context":"https:\/\/schema.org","@graph":[{"@type":"WebPage","@id":"https:\/\/www.srisa.no\/en\/produkter\/","url":"https:\/\/www.srisa.no\/en\/produkter\/","name":"Products - S. Risa AS","isPartOf":{"@id":"https:\/\/www.srisa.no\/#website"},"datePublished":"2021-11-22T16:05:31+00:00","dateModified":"2022-11-16T07:50:05+00:00","breadcrumb":{"@id":"https:\/\/www.srisa.no\/en\/produkter\/#breadcrumb"},"inLanguage":"en-GB","potentialAction":[{"@type":"ReadAction","target":["https:\/\/www.srisa.no\/en\/produkter\/"]}]},{"@type":"BreadcrumbList","@id":"https:\/\/www.srisa.no\/en\/produkter\/#breadcrumb","itemListElement":[{"@type":"ListItem","position":1,"name":"Home","item":"https:\/\/www.srisa.no\/"},{"@type":"ListItem","position":2,"name":"Produkter"}]},{"@type":"WebSite","@id":"https:\/\/www.srisa.no\/#website","url":"https:\/\/www.srisa.no\/","name":"S. Risa AS","description":"Special equipment for road maintenance","publisher":{"@id":"https:\/\/www.srisa.no\/#organization"},"potentialAction":[{"@type":"SearchAction","target":{"@type":"EntryPoint","urlTemplate":"https:\/\/www.srisa.no\/?s={search_term_string}"},"query-input":{"@type":"PropertyValueSpecification","valueRequired":true,"valueName":"search_term_string"}}],"inLanguage":"en-GB"},{"@type":"Organization","@id":"https:\/\/www.srisa.no\/#organization","name":"S. Risa AS","url":"https:\/\/www.srisa.no\/","logo":{"@type":"ImageObject","inLanguage":"en-GB","@id":"https:\/\/www.srisa.no\/#\/schema\/logo\/image\/","url":"https:\/\/www.srisa.no\/wp-content\/uploads\/2021\/11\/logo.png","contentUrl":"https:\/\/www.srisa.no\/wp-content\/uploads\/2021\/11\/logo.png","width":325,"height":75,"caption":"S. Risa AS"},"image":{"@id":"https:\/\/www.srisa.no\/#\/schema\/logo\/image\/"}}]}},"_links":{"self":[{"href":"https:\/\/www.srisa.no\/en\/wp-json\/wp\/v2\/pages\/871","targetHints":{"allow":["GET"]}}],"collection":[{"href":"https:\/\/www.srisa.no\/en\/wp-json\/wp\/v2\/pages"}],"about":[{"href":"https:\/\/www.srisa.no\/en\/wp-json\/wp\/v2\/types\/page"}],"author":[{"embeddable":true,"href":"https:\/\/www.srisa.no\/en\/wp-json\/wp\/v2\/users\/1"}],"replies":[{"embeddable":true,"href":"https:\/\/www.srisa.no\/en\/wp-json\/wp\/v2\/comments?post=871"}],"version-history":[{"count":5,"href":"https:\/\/www.srisa.no\/en\/wp-json\/wp\/v2\/pages\/871\/revisions"}],"predecessor-version":[{"id":2238,"href":"https:\/\/www.srisa.no\/en\/wp-json\/wp\/v2\/pages\/871\/revisions\/2238"}],"wp:attachment":[{"href":"https:\/\/www.srisa.no\/en\/wp-json\/wp\/v2\/media?parent=871"}],"curies":[{"name":"wp","href":"https:\/\/api.w.org\/{rel}","templated":true}]}}