{"id":2383,"date":"2025-01-10T08:15:18","date_gmt":"2025-01-10T08:15:18","guid":{"rendered":"https:\/\/www.srisa.no\/?page_id=2383"},"modified":"2025-01-16T13:42:36","modified_gmt":"2025-01-16T13:42:36","slug":"stickset-service","status":"publish","type":"page","link":"https:\/\/www.srisa.no\/en\/stickset-service\/","title":{"rendered":"Stickset 500 Service"},"content":{"rendered":"<div data-elementor-type=\"wp-page\" data-elementor-id=\"2383\" class=\"elementor elementor-2383\">\n\t\t\t\t<div class=\"elementor-element elementor-element-c7e177b e-flex e-con-boxed e-con e-parent\" data-id=\"c7e177b\" data-element_type=\"container\" data-e-type=\"container\">\n\t\t\t\t\t<div class=\"e-con-inner\">\n\t\t<div class=\"elementor-element elementor-element-399b937 e-con-full e-flex e-con e-child\" data-id=\"399b937\" data-element_type=\"container\" data-e-type=\"container\">\n\t\t\t\t<div class=\"elementor-element elementor-element-1caeddc elementor-widget elementor-widget-heading\" data-id=\"1caeddc\" data-element_type=\"widget\" data-e-type=\"widget\" data-widget_type=\"heading.default\">\n\t\t\t\t<div class=\"elementor-widget-container\">\n\t\t\t\t\t<h2 class=\"elementor-heading-title elementor-size-default\">Service on Stickset <\/h2>\t\t\t\t<\/div>\n\t\t\t\t<\/div>\n\t\t\t\t<div class=\"elementor-element elementor-element-659a628 elementor-widget elementor-widget-text-editor\" data-id=\"659a628\" data-element_type=\"widget\" data-e-type=\"widget\" data-widget_type=\"text-editor.default\">\n\t\t\t\t<div class=\"elementor-widget-container\">\n\t\t\t\t\t\t\t\t\t<p>We offer service on Stickset 500 machines at your place as a customer. Experience shows that annual service reduces downtime during the season to a minimum and significantly extends the machine's lifetime. Ensuring that the machines are in top condition before the season is very economical.<\/p>\t\t\t\t\t\t\t\t<\/div>\n\t\t\t\t<\/div>\n\t\t\t\t<div class=\"elementor-element elementor-element-04ff06f elementor-mobile-align-center elementor-widget elementor-widget-button\" data-id=\"04ff06f\" data-element_type=\"widget\" data-e-type=\"widget\" data-widget_type=\"button.default\">\n\t\t\t\t<div class=\"elementor-widget-container\">\n\t\t\t\t\t\t\t\t\t<div class=\"elementor-button-wrapper\">\n\t\t\t\t\t<a class=\"elementor-button elementor-button-link elementor-size-sm\" href=\"#soknad\">\n\t\t\t\t\t\t<span class=\"elementor-button-content-wrapper\">\n\t\t\t\t\t\t\t\t\t<span class=\"elementor-button-text\">SUBSCRIBE<\/span>\n\t\t\t\t\t<\/span>\n\t\t\t\t\t<\/a>\n\t\t\t\t<\/div>\n\t\t\t\t\t\t\t\t<\/div>\n\t\t\t\t<\/div>\n\t\t\t\t<\/div>\n\t\t<div class=\"elementor-element elementor-element-88743dd e-con-full e-flex e-con e-child\" data-id=\"88743dd\" data-element_type=\"container\" data-e-type=\"container\" data-settings=\"{&quot;background_background&quot;:&quot;classic&quot;}\">\n\t\t\t\t<\/div>\n\t\t\t\t\t<\/div>\n\t\t\t\t<\/div>\n\t\t<div class=\"elementor-element elementor-element-3f5b2d2 e-flex e-con-boxed e-con e-parent\" data-id=\"3f5b2d2\" data-element_type=\"container\" data-e-type=\"container\">\n\t\t\t\t\t<div class=\"e-con-inner\">\n\t\t\t\t<div class=\"elementor-element elementor-element-468370b elementor-widget-divider--view-line elementor-widget elementor-widget-divider\" data-id=\"468370b\" data-element_type=\"widget\" data-e-type=\"widget\" data-widget_type=\"divider.default\">\n\t\t\t\t<div class=\"elementor-widget-container\">\n\t\t\t\t\t\t\t<div class=\"elementor-divider\">\n\t\t\t<span class=\"elementor-divider-separator\">\n\t\t\t\t\t\t<\/span>\n\t\t<\/div>\n\t\t\t\t\t\t<\/div>\n\t\t\t\t<\/div>\n\t\t\t\t\t<\/div>\n\t\t\t\t<\/div>\n\t\t<div class=\"elementor-element elementor-element-edc8b43 e-grid e-con-boxed e-con e-parent\" data-id=\"edc8b43\" data-element_type=\"container\" data-e-type=\"container\">\n\t\t\t\t\t<div class=\"e-con-inner\">\n\t\t\t\t<div class=\"elementor-element elementor-element-ef26cf6 elementor-widget elementor-widget-text-editor\" data-id=\"ef26cf6\" data-element_type=\"widget\" data-e-type=\"widget\" data-widget_type=\"text-editor.default\">\n\t\t\t\t<div class=\"elementor-widget-container\">\n\t\t\t\t\t\t\t\t\t<p><strong>The service includes<\/strong><\/p><ul><li>General review of the machine's functions.<\/li><li>Up-adjustment of arms and sensors.<\/li><li>Replacement of worn components.<\/li><li>Improvement of temporary repairs.<\/li><li>Update with newly developed improvements and software and parameter setting.<\/li><li>Refilling the spare part box <\/li><\/ul>\t\t\t\t\t\t\t\t<\/div>\n\t\t\t\t<\/div>\n\t\t\t\t<div class=\"elementor-element elementor-element-3b0e8e7 elementor-widget elementor-widget-text-editor\" data-id=\"3b0e8e7\" data-element_type=\"widget\" data-e-type=\"widget\" data-widget_type=\"text-editor.default\">\n\t\t\t\t<div class=\"elementor-widget-container\">\n\t\t\t\t\t\t\t\t\t<p><strong>Prices<\/strong><\/p><ul><li class=\"translation-block\">Attendance  <br>S\u00f8r Norge, kr 4000,- <br>Midt Norge 5000,- <br>Nord Norge 6000,-<\/li><li class=\"translation-block\">Hourly price: NOK 1290 ex. VAT Service normally takes from 3-10 hours, depending on the condition of the machine.<\/li><li>Parts will be added. <\/li><\/ul>\t\t\t\t\t\t\t\t<\/div>\n\t\t\t\t<\/div>\n\t\t\t\t<div class=\"elementor-element elementor-element-15c0598 elementor-widget elementor-widget-text-editor\" data-id=\"15c0598\" data-element_type=\"widget\" data-e-type=\"widget\" data-widget_type=\"text-editor.default\">\n\t\t\t\t<div class=\"elementor-widget-container\">\n\t\t\t\t\t\t\t\t\t<p><strong>Conditions for service<\/strong><\/p><p>The following must be in place:<\/p><ol><li>The machine must be mounted on a vehicle and connected to the hydraulics and electric control box with screen.<\/li><li>Possibility to do the service indoors.<\/li><li>Contact person must be available by phone. <\/li><\/ol>\t\t\t\t\t\t\t\t<\/div>\n\t\t\t\t<\/div>\n\t\t\t\t\t<\/div>\n\t\t\t\t<\/div>\n\t\t<div class=\"elementor-element elementor-element-be8740c e-flex e-con-boxed e-con e-parent\" data-id=\"be8740c\" data-element_type=\"container\" data-e-type=\"container\">\n\t\t\t\t\t<div class=\"e-con-inner\">\n\t\t\t\t<div class=\"elementor-element elementor-element-5134906 elementor-widget elementor-widget-text-editor\" data-id=\"5134906\" data-element_type=\"widget\" data-e-type=\"widget\" data-widget_type=\"text-editor.default\">\n\t\t\t\t<div class=\"elementor-widget-container\">\n\t\t\t\t\t\t\t\t\t<p><strong>Time period<\/strong> Service is carried out in the period April\u2013August. For effective planning, service must be ordered by 15 March.<\/p><p><strong>Contact information service:<\/strong><br \/>sigrid@srisa.no<\/p>\t\t\t\t\t\t\t\t<\/div>\n\t\t\t\t<\/div>\n\t\t<div class=\"elementor-element elementor-element-dc989b5 e-con-full e-flex e-con e-child\" data-id=\"dc989b5\" data-element_type=\"container\" data-e-type=\"container\">\n\t\t\t\t<div class=\"elementor-element elementor-element-7ead843 elementor-widget elementor-widget-menu-anchor\" data-id=\"7ead843\" data-element_type=\"widget\" data-e-type=\"widget\" data-widget_type=\"menu-anchor.default\">\n\t\t\t\t<div class=\"elementor-widget-container\">\n\t\t\t\t\t\t\t<div class=\"elementor-menu-anchor\" id=\"soknad\"><\/div>\n\t\t\t\t\t\t<\/div>\n\t\t\t\t<\/div>\n\t\t<div class=\"elementor-element elementor-element-0f7a035 e-con-full e-flex e-con e-child\" data-id=\"0f7a035\" data-element_type=\"container\" data-e-type=\"container\">\n\t\t\t\t<div class=\"elementor-element elementor-element-2a7b7eb elementor-widget elementor-widget-heading\" data-id=\"2a7b7eb\" data-element_type=\"widget\" data-e-type=\"widget\" data-widget_type=\"heading.default\">\n\t\t\t\t<div class=\"elementor-widget-container\">\n\t\t\t\t\t<h2 class=\"elementor-heading-title elementor-size-default\">Order service<\/h2>\t\t\t\t<\/div>\n\t\t\t\t<\/div>\n\t\t\t\t<div class=\"elementor-element elementor-element-8307954 elementor-widget elementor-widget-text-editor\" data-id=\"8307954\" data-element_type=\"widget\" data-e-type=\"widget\" data-widget_type=\"text-editor.default\">\n\t\t\t\t<div class=\"elementor-widget-container\">\n\t\t\t\t\t\t\t\t\t<p>Submit the contact form below.<\/p>\t\t\t\t\t\t\t\t<\/div>\n\t\t\t\t<\/div>\n\t\t\t\t<\/div>\n\t\t\t\t<\/div>\n\t\t\t\t\t<\/div>\n\t\t\t\t<\/div>\n\t\t<div class=\"elementor-element elementor-element-58597b4 e-flex e-con-boxed e-con e-parent\" data-id=\"58597b4\" data-element_type=\"container\" data-e-type=\"container\" data-settings=\"{&quot;background_background&quot;:&quot;classic&quot;}\">\n\t\t\t\t\t<div class=\"e-con-inner\">\n\t\t<div class=\"elementor-element elementor-element-8026474 e-con-full e-flex e-con e-child\" data-id=\"8026474\" data-element_type=\"container\" data-e-type=\"container\" data-settings=\"{&quot;background_background&quot;:&quot;classic&quot;}\">\n\t\t\t\t<div class=\"elementor-element elementor-element-4cb2612 elementor-widget elementor-widget-form\" data-id=\"4cb2612\" data-element_type=\"widget\" data-e-type=\"widget\" data-widget_type=\"form.default\">\n\t\t\t\t<div class=\"elementor-widget-container\">\n\t\t\t\t\t \t\t\t\t<\/div>\n\t\t\t\t<\/div>\n\t\t\t\t<\/div>\n\t\t\t\t\t<\/div>\n\t\t\t\t<\/div>\n\t\t\t\t<\/div>","protected":false},"excerpt":{"rendered":"<p>Service p\u00e5 Stickset 500 Vi tilbyr service p\u00e5 Stickset 500 maskiner ute hos deg som kunde. Erfaring viser at \u00e5rlig service reduserer driftstans i sesongen til et minimum og forlenger maskinens levetid betydelig. \u00c5 s\u00f8rge for at maskinene er i topp stand f\u00f8r sesongen gir sv\u00e6rt god \u00f8konomi. TRYKK HER Servicen inkluderer Generell gjennomgang av [&hellip;]<\/p>\n","protected":false},"author":1,"featured_media":0,"parent":0,"menu_order":0,"comment_status":"closed","ping_status":"closed","template":"","meta":{"footnotes":""},"class_list":["post-2383","page","type-page","status-publish","hentry"],"yoast_head":"<!-- This site is optimized with the Yoast SEO plugin v27.5 - https:\/\/yoast.com\/product\/yoast-seo-wordpress\/ -->\n<title>Stickset 500 Service - S. Risa AS<\/title>\n<meta name=\"robots\" content=\"index, follow, max-snippet:-1, max-image-preview:large, max-video-preview:-1\" \/>\n<link rel=\"canonical\" href=\"https:\/\/www.srisa.no\/en\/stickset-service\/\" \/>\n<meta property=\"og:locale\" content=\"en_GB\" \/>\n<meta property=\"og:type\" content=\"article\" \/>\n<meta property=\"og:title\" content=\"Stickset 500 Service - S. Risa AS\" \/>\n<meta property=\"og:description\" content=\"Service p\u00e5 Stickset 500 Vi tilbyr service p\u00e5 Stickset 500 maskiner ute hos deg som kunde. Erfaring viser at \u00e5rlig service reduserer driftstans i sesongen til et minimum og forlenger maskinens levetid betydelig. \u00c5 s\u00f8rge for at maskinene er i topp stand f\u00f8r sesongen gir sv\u00e6rt god \u00f8konomi. TRYKK HER Servicen inkluderer Generell gjennomgang av [&hellip;]\" \/>\n<meta property=\"og:url\" content=\"https:\/\/www.srisa.no\/en\/stickset-service\/\" \/>\n<meta property=\"og:site_name\" content=\"S. Risa AS\" \/>\n<meta property=\"article:modified_time\" content=\"2025-01-16T13:42:36+00:00\" \/>\n<meta name=\"twitter:card\" content=\"summary_large_image\" \/>\n<meta name=\"twitter:label1\" content=\"Estimated reading time\" \/>\n\t<meta name=\"twitter:data1\" content=\"2 minutes\" \/>\n<script type=\"application\/ld+json\" class=\"yoast-schema-graph\">{\"@context\":\"https:\\\/\\\/schema.org\",\"@graph\":[{\"@type\":\"WebPage\",\"@id\":\"https:\\\/\\\/www.srisa.no\\\/stickset-service\\\/\",\"url\":\"https:\\\/\\\/www.srisa.no\\\/stickset-service\\\/\",\"name\":\"Stickset 500 Service - S. Risa AS\",\"isPartOf\":{\"@id\":\"https:\\\/\\\/www.srisa.no\\\/#website\"},\"datePublished\":\"2025-01-10T08:15:18+00:00\",\"dateModified\":\"2025-01-16T13:42:36+00:00\",\"breadcrumb\":{\"@id\":\"https:\\\/\\\/www.srisa.no\\\/stickset-service\\\/#breadcrumb\"},\"inLanguage\":\"en-GB\",\"potentialAction\":[{\"@type\":\"ReadAction\",\"target\":[\"https:\\\/\\\/www.srisa.no\\\/stickset-service\\\/\"]}]},{\"@type\":\"BreadcrumbList\",\"@id\":\"https:\\\/\\\/www.srisa.no\\\/stickset-service\\\/#breadcrumb\",\"itemListElement\":[{\"@type\":\"ListItem\",\"position\":1,\"name\":\"Home\",\"item\":\"https:\\\/\\\/www.srisa.no\\\/\"},{\"@type\":\"ListItem\",\"position\":2,\"name\":\"Stickset 500 Service\"}]},{\"@type\":\"WebSite\",\"@id\":\"https:\\\/\\\/www.srisa.no\\\/#website\",\"url\":\"https:\\\/\\\/www.srisa.no\\\/\",\"name\":\"S. Risa AS\",\"description\":\"Spesialutstyr for veivedlikehold\",\"publisher\":{\"@id\":\"https:\\\/\\\/www.srisa.no\\\/#organization\"},\"potentialAction\":[{\"@type\":\"SearchAction\",\"target\":{\"@type\":\"EntryPoint\",\"urlTemplate\":\"https:\\\/\\\/www.srisa.no\\\/?s={search_term_string}\"},\"query-input\":{\"@type\":\"PropertyValueSpecification\",\"valueRequired\":true,\"valueName\":\"search_term_string\"}}],\"inLanguage\":\"en-GB\"},{\"@type\":\"Organization\",\"@id\":\"https:\\\/\\\/www.srisa.no\\\/#organization\",\"name\":\"S. Risa AS\",\"url\":\"https:\\\/\\\/www.srisa.no\\\/\",\"logo\":{\"@type\":\"ImageObject\",\"inLanguage\":\"en-GB\",\"@id\":\"https:\\\/\\\/www.srisa.no\\\/#\\\/schema\\\/logo\\\/image\\\/\",\"url\":\"https:\\\/\\\/www.srisa.no\\\/wp-content\\\/uploads\\\/2021\\\/11\\\/logo.png\",\"contentUrl\":\"https:\\\/\\\/www.srisa.no\\\/wp-content\\\/uploads\\\/2021\\\/11\\\/logo.png\",\"width\":325,\"height\":75,\"caption\":\"S. Risa AS\"},\"image\":{\"@id\":\"https:\\\/\\\/www.srisa.no\\\/#\\\/schema\\\/logo\\\/image\\\/\"}}]}<\/script>\n<!-- \/ Yoast SEO plugin. -->","yoast_head_json":{"title":"Stickset 500 Service - S. Risa AS","robots":{"index":"index","follow":"follow","max-snippet":"max-snippet:-1","max-image-preview":"max-image-preview:large","max-video-preview":"max-video-preview:-1"},"canonical":"https:\/\/www.srisa.no\/en\/stickset-service\/","og_locale":"en_GB","og_type":"article","og_title":"Stickset 500 Service - S. Risa AS","og_description":"Service p\u00e5 Stickset 500 Vi tilbyr service p\u00e5 Stickset 500 maskiner ute hos deg som kunde. Erfaring viser at \u00e5rlig service reduserer driftstans i sesongen til et minimum og forlenger maskinens levetid betydelig. \u00c5 s\u00f8rge for at maskinene er i topp stand f\u00f8r sesongen gir sv\u00e6rt god \u00f8konomi. TRYKK HER Servicen inkluderer Generell gjennomgang av [&hellip;]","og_url":"https:\/\/www.srisa.no\/en\/stickset-service\/","og_site_name":"S. Risa AS","article_modified_time":"2025-01-16T13:42:36+00:00","twitter_card":"summary_large_image","twitter_misc":{"Estimated reading time":"2 minutes"},"schema":{"@context":"https:\/\/schema.org","@graph":[{"@type":"WebPage","@id":"https:\/\/www.srisa.no\/stickset-service\/","url":"https:\/\/www.srisa.no\/stickset-service\/","name":"Stickset 500 Service - S. Risa AS","isPartOf":{"@id":"https:\/\/www.srisa.no\/#website"},"datePublished":"2025-01-10T08:15:18+00:00","dateModified":"2025-01-16T13:42:36+00:00","breadcrumb":{"@id":"https:\/\/www.srisa.no\/stickset-service\/#breadcrumb"},"inLanguage":"en-GB","potentialAction":[{"@type":"ReadAction","target":["https:\/\/www.srisa.no\/stickset-service\/"]}]},{"@type":"BreadcrumbList","@id":"https:\/\/www.srisa.no\/stickset-service\/#breadcrumb","itemListElement":[{"@type":"ListItem","position":1,"name":"Home","item":"https:\/\/www.srisa.no\/"},{"@type":"ListItem","position":2,"name":"Stickset 500 Service"}]},{"@type":"WebSite","@id":"https:\/\/www.srisa.no\/#website","url":"https:\/\/www.srisa.no\/","name":"S. Risa AS","description":"Special equipment for road maintenance","publisher":{"@id":"https:\/\/www.srisa.no\/#organization"},"potentialAction":[{"@type":"SearchAction","target":{"@type":"EntryPoint","urlTemplate":"https:\/\/www.srisa.no\/?s={search_term_string}"},"query-input":{"@type":"PropertyValueSpecification","valueRequired":true,"valueName":"search_term_string"}}],"inLanguage":"en-GB"},{"@type":"Organization","@id":"https:\/\/www.srisa.no\/#organization","name":"S. Risa AS","url":"https:\/\/www.srisa.no\/","logo":{"@type":"ImageObject","inLanguage":"en-GB","@id":"https:\/\/www.srisa.no\/#\/schema\/logo\/image\/","url":"https:\/\/www.srisa.no\/wp-content\/uploads\/2021\/11\/logo.png","contentUrl":"https:\/\/www.srisa.no\/wp-content\/uploads\/2021\/11\/logo.png","width":325,"height":75,"caption":"S. Risa AS"},"image":{"@id":"https:\/\/www.srisa.no\/#\/schema\/logo\/image\/"}}]}},"_links":{"self":[{"href":"https:\/\/www.srisa.no\/en\/wp-json\/wp\/v2\/pages\/2383","targetHints":{"allow":["GET"]}}],"collection":[{"href":"https:\/\/www.srisa.no\/en\/wp-json\/wp\/v2\/pages"}],"about":[{"href":"https:\/\/www.srisa.no\/en\/wp-json\/wp\/v2\/types\/page"}],"author":[{"embeddable":true,"href":"https:\/\/www.srisa.no\/en\/wp-json\/wp\/v2\/users\/1"}],"replies":[{"embeddable":true,"href":"https:\/\/www.srisa.no\/en\/wp-json\/wp\/v2\/comments?post=2383"}],"version-history":[{"count":5,"href":"https:\/\/www.srisa.no\/en\/wp-json\/wp\/v2\/pages\/2383\/revisions"}],"predecessor-version":[{"id":2549,"href":"https:\/\/www.srisa.no\/en\/wp-json\/wp\/v2\/pages\/2383\/revisions\/2549"}],"wp:attachment":[{"href":"https:\/\/www.srisa.no\/en\/wp-json\/wp\/v2\/media?parent=2383"}],"curies":[{"name":"wp","href":"https:\/\/api.w.org\/{rel}","templated":true}]}}