{"id":1641,"date":"2021-12-06T16:16:42","date_gmt":"2021-12-06T16:16:42","guid":{"rendered":"https:\/\/www.srisa.no\/?page_id=1641"},"modified":"2021-12-06T16:19:32","modified_gmt":"2021-12-06T16:19:32","slug":"personvern","status":"publish","type":"page","link":"https:\/\/www.srisa.no\/en\/personvern\/","title":{"rendered":"PRIVACY"},"content":{"rendered":"<div data-elementor-type=\"wp-page\" data-elementor-id=\"1641\" class=\"elementor elementor-1641\">\n\t\t\t\t\t\t<section class=\"elementor-section elementor-top-section elementor-element elementor-element-1497b2f5 elementor-section-boxed elementor-section-height-default elementor-section-height-default\" data-id=\"1497b2f5\" data-element_type=\"section\" data-e-type=\"section\">\n\t\t\t\t\t\t<div class=\"elementor-container elementor-column-gap-default\">\n\t\t\t\t\t<div class=\"elementor-column elementor-col-33 elementor-top-column elementor-element elementor-element-1c251027\" data-id=\"1c251027\" data-element_type=\"column\" data-e-type=\"column\">\n\t\t\t<div class=\"elementor-widget-wrap elementor-element-populated\">\n\t\t\t\t\t\t<div class=\"elementor-element elementor-element-5f13d8da elementor-widget elementor-widget-text-editor\" data-id=\"5f13d8da\" data-element_type=\"widget\" data-e-type=\"widget\" data-widget_type=\"text-editor.default\">\n\t\t\t\t<div class=\"elementor-widget-container\">\n\t\t\t\t\t\t\t\t\t<p style=\"text-align: center;\">S.Risa AS<br \/>Sikvalandsveien 43<br \/>4342 Undheim<\/p>\t\t\t\t\t\t\t\t<\/div>\n\t\t\t\t<\/div>\n\t\t\t\t\t<\/div>\n\t\t<\/div>\n\t\t\t\t<div class=\"elementor-column elementor-col-33 elementor-top-column elementor-element elementor-element-553f87a2\" data-id=\"553f87a2\" data-element_type=\"column\" data-e-type=\"column\">\n\t\t\t<div class=\"elementor-widget-wrap elementor-element-populated\">\n\t\t\t\t\t\t<div class=\"elementor-element elementor-element-25529671 elementor-widget elementor-widget-text-editor\" data-id=\"25529671\" data-element_type=\"widget\" data-e-type=\"widget\" data-widget_type=\"text-editor.default\">\n\t\t\t\t<div class=\"elementor-widget-container\">\n\t\t\t\t\t\t\t\t\t<p style=\"text-align: center;\">Org No. 988934852<\/p>\t\t\t\t\t\t\t\t<\/div>\n\t\t\t\t<\/div>\n\t\t\t\t\t<\/div>\n\t\t<\/div>\n\t\t\t\t<div class=\"elementor-column elementor-col-33 elementor-top-column elementor-element elementor-element-118c6ad9\" data-id=\"118c6ad9\" data-element_type=\"column\" data-e-type=\"column\">\n\t\t\t<div class=\"elementor-widget-wrap elementor-element-populated\">\n\t\t\t\t\t\t<div class=\"elementor-element elementor-element-77902180 elementor-widget elementor-widget-text-editor\" data-id=\"77902180\" data-element_type=\"widget\" data-e-type=\"widget\" data-widget_type=\"text-editor.default\">\n\t\t\t\t<div class=\"elementor-widget-container\">\n\t\t\t\t\t\t\t\t\t<p style=\"text-align: center;\">Contact information:<br \/>Tel .: +47 51 48 44 03<br \/>Email: post@srisa.no<\/p>\t\t\t\t\t\t\t\t<\/div>\n\t\t\t\t<\/div>\n\t\t\t\t\t<\/div>\n\t\t<\/div>\n\t\t\t\t\t<\/div>\n\t\t<\/section>\n\t\t\t\t<section class=\"elementor-section elementor-top-section elementor-element elementor-element-38b3c9da elementor-section-boxed elementor-section-height-default elementor-section-height-default\" data-id=\"38b3c9da\" data-element_type=\"section\" data-e-type=\"section\">\n\t\t\t\t\t\t<div class=\"elementor-container elementor-column-gap-default\">\n\t\t\t\t\t<div class=\"elementor-column elementor-col-100 elementor-top-column elementor-element elementor-element-17ca1de\" data-id=\"17ca1de\" data-element_type=\"column\" data-e-type=\"column\">\n\t\t\t<div class=\"elementor-widget-wrap elementor-element-populated\">\n\t\t\t\t\t\t<div class=\"elementor-element elementor-element-4a85c194 elementor-widget-divider--view-line elementor-widget elementor-widget-divider\" data-id=\"4a85c194\" data-element_type=\"widget\" data-e-type=\"widget\" data-widget_type=\"divider.default\">\n\t\t\t\t<div class=\"elementor-widget-container\">\n\t\t\t\t\t\t\t<div class=\"elementor-divider\">\n\t\t\t<span class=\"elementor-divider-separator\">\n\t\t\t\t\t\t<\/span>\n\t\t<\/div>\n\t\t\t\t\t\t<\/div>\n\t\t\t\t<\/div>\n\t\t\t\t\t<\/div>\n\t\t<\/div>\n\t\t\t\t\t<\/div>\n\t\t<\/section>\n\t\t\t\t<section class=\"elementor-section elementor-top-section elementor-element elementor-element-4909a1e0 elementor-section-boxed elementor-section-height-default elementor-section-height-default\" data-id=\"4909a1e0\" data-element_type=\"section\" data-e-type=\"section\">\n\t\t\t\t\t\t<div class=\"elementor-container elementor-column-gap-default\">\n\t\t\t\t\t<div class=\"elementor-column elementor-col-50 elementor-top-column elementor-element elementor-element-3485d72c\" data-id=\"3485d72c\" data-element_type=\"column\" data-e-type=\"column\">\n\t\t\t<div class=\"elementor-widget-wrap elementor-element-populated\">\n\t\t\t\t\t\t<div class=\"elementor-element elementor-element-6944ce76 elementor-widget elementor-widget-text-editor\" data-id=\"6944ce76\" data-element_type=\"widget\" data-e-type=\"widget\" data-widget_type=\"text-editor.default\">\n\t\t\t\t<div class=\"elementor-widget-container\">\n\t\t\t\t\t\t\t\t\t<p><strong>Personal data processed.\u00a0<\/strong><br \/>First name and last name<br \/>Address<br \/>Telephone<br \/>Email<br \/>Company name and org.nr<br \/>Contact person<\/p><p><strong>What is personal information used for?<\/strong><br \/>The company uses the personal information to handle your customer relationship with us. We may use your information for the following purposes:<\/p><ul><li>To process inquiries<\/li><li>Make inspections if desired<\/li><li>Ev. order merchandise<\/li><li>Ev. send invoice<\/li><li>To test and improve the systems we use to offer services<\/li><li>To be able to communicate<\/li><\/ul><p>The information we receive will be used to contact you and we will only collect information that is necessary for the relevant purpose for which it is to be used.<\/p><p><strong>Disclosure of personal information<\/strong><br \/>We do not sell personal information for marketing purposes to other companies. We can only share your personal information in the following cases:<\/p><ul><li>With third parties, when ordering includes goods delivered by third parties<\/li><li>With a third-party supplier who performs tasks or work on our behalf and according to our instructions<\/li><li>With public authorities or agencies when required in accordance with legislation, court decisions or final decisions from the authorities.<\/li><\/ul><p><strong><br \/>Where is your personal information stored?<\/strong><br \/>Your information is stored in our computer system. We have good security for this and only necessary personnel have access to relevant information.<br \/><span style=\"color: var( --e-global-color-23f054e8 ); font-family: var( --e-global-typography-text-font-family );\"><br \/><b>Google<\/b><\/span><\/p><p>We use Google Analytics to measure the number of visitors, which pages are most popular, how long the visits last and other related information.<\/p><p>This information is anonymised as far as possible via Google Analytics&#039; tools, and it is only used to give a holistic impression, we do not identify individuals through statistics collection.<\/p><p><a href=\"https:\/\/policies.google.com\/privacy\">Read more in the privacy statement from Google<\/a>.<\/p><p>We use the Google Adwords advertising system. With AdWords, advertisers can reach people who are actively searching for their products or services in the Google search engine.\u00a0<\/p><p><a href=\"https:\/\/policies.google.com\/technologies\/ads\">Here you can read about how Google AdWords uses cookies.<\/a><\/p><p>\u00a0<\/p>\t\t\t\t\t\t\t\t<\/div>\n\t\t\t\t<\/div>\n\t\t\t\t\t<\/div>\n\t\t<\/div>\n\t\t\t\t<div class=\"elementor-column elementor-col-50 elementor-top-column elementor-element elementor-element-306fba4e\" data-id=\"306fba4e\" data-element_type=\"column\" data-e-type=\"column\">\n\t\t\t<div class=\"elementor-widget-wrap elementor-element-populated\">\n\t\t\t\t\t\t<div class=\"elementor-element elementor-element-556043ca elementor-widget elementor-widget-text-editor\" data-id=\"556043ca\" data-element_type=\"widget\" data-e-type=\"widget\" data-widget_type=\"text-editor.default\">\n\t\t\t\t<div class=\"elementor-widget-container\">\n\t\t\t\t\t\t\t\t\t<p><strong>Cookies. How we use cookies.<\/strong><br \/>We use cookies to provide you with better services. Some cookies are absolutely necessary for the functionality of the website, while others are used to improve the performance and user experience.<\/p><p>Functional cookies are used to: - remember your login information - ensure security when you are logged in - ensure that the website works well for you as a user.<\/p><p>Performance cookies are used to: - Helps the web pages load faster and improves the user experience.<\/p><p>Targeted cookies are used to: - let you share and like content - send information to other websites to customize their advertising<\/p><p><strong>Examples of use<\/strong><br \/>Cookies are used to make your services even better, for example by: - activating a service that recognizes your device, so you do not have to enter the same information several times - remember that you have already entered your username and password when you are logged in to the pages , so you do not have to do it again for each page - measure how many people use the services, so we can make them easier and faster - analyze data to help us understand how you use services online, so we can improve them<\/p><p>If you do not allow us to use cookies, certain functions and the websites will not work properly. If you want to delete cookies that are already stored on your computer, you must follow the instructions for the browser by clicking on Help in the menu.<\/p><p>You can read more about cookies and how to use them <a href=\"http:\/\/www.aboutcookies.org\/\">www.aboutcookies.org<\/a> or by clicking Help in your browser.<\/p><p><strong>Third-party tools -\u00a0<span style=\"color: var( --e-global-color-217958dd ); font-family: var( --e-global-typography-text-font-family ), Sans-serif; font-size: 1rem;\">Third Party Content<br \/><\/span><\/strong>Sometimes we publish videos, images or other content from other third party websites. Such content may treat the visitor as if they were on the content&#039;s own website and it may therefore happen that information is stored or statistics are obtained from these third parties.<\/p><p><strong>What rights do you have?<\/strong><\/p><ul><li>You can request that we delete your personal information from our register. We may not delete data that the law requires us to retain.<\/li><li>You can request a correction of your information if you consider it incorrect.<\/li><li>You can request a copy of the personal information we have about you.<\/li><\/ul>\t\t\t\t\t\t\t\t<\/div>\n\t\t\t\t<\/div>\n\t\t\t\t\t<\/div>\n\t\t<\/div>\n\t\t\t\t\t<\/div>\n\t\t<\/section>\n\t\t\t\t<\/div>","protected":false},"excerpt":{"rendered":"<p>S.Risa ASSikvalandsveien 434342 Undheim Org nr 988934852 Kontaktinformasjon:Tlf.: +47 51 48 44 03E-post: post@srisa.no Personopplysninger som behandles.\u00a0Fornavn og etternavnAdresseTelefonEpostFirmanavn og org.nrKontaktperson Hva brukes personopplysningene til?Virksomheten bruker personopplysningene for \u00e5 h\u00e5ndtere ditt kundeforhold til oss. Vi kan bruke dine opplysninger til f\u00f8lgende form\u00e5l: For \u00e5 behandle henvendelser Foreta befaringer om \u00f8nskelig Ev. bestille varer Ev. sende [&hellip;]<\/p>\n","protected":false},"author":1,"featured_media":0,"parent":0,"menu_order":0,"comment_status":"closed","ping_status":"closed","template":"","meta":{"footnotes":""},"class_list":["post-1641","page","type-page","status-publish","hentry"],"yoast_head":"<!-- This site is optimized with the Yoast SEO plugin v27.5 - https:\/\/yoast.com\/product\/yoast-seo-wordpress\/ -->\n<title>PERSONVERN - S. Risa AS<\/title>\n<meta name=\"robots\" content=\"index, follow, max-snippet:-1, max-image-preview:large, max-video-preview:-1\" \/>\n<link rel=\"canonical\" href=\"https:\/\/www.srisa.no\/en\/personvern\/\" \/>\n<meta property=\"og:locale\" content=\"en_GB\" \/>\n<meta property=\"og:type\" content=\"article\" \/>\n<meta property=\"og:title\" content=\"PERSONVERN - S. Risa AS\" \/>\n<meta property=\"og:description\" content=\"S.Risa ASSikvalandsveien 434342 Undheim Org nr 988934852 Kontaktinformasjon:Tlf.: +47 51 48 44 03E-post: post@srisa.no Personopplysninger som behandles.\u00a0Fornavn og etternavnAdresseTelefonEpostFirmanavn og org.nrKontaktperson Hva brukes personopplysningene til?Virksomheten bruker personopplysningene for \u00e5 h\u00e5ndtere ditt kundeforhold til oss. Vi kan bruke dine opplysninger til f\u00f8lgende form\u00e5l: For \u00e5 behandle henvendelser Foreta befaringer om \u00f8nskelig Ev. bestille varer Ev. sende [&hellip;]\" \/>\n<meta property=\"og:url\" content=\"https:\/\/www.srisa.no\/en\/personvern\/\" \/>\n<meta property=\"og:site_name\" content=\"S. Risa AS\" \/>\n<meta property=\"article:modified_time\" content=\"2021-12-06T16:19:32+00:00\" \/>\n<meta name=\"twitter:card\" content=\"summary_large_image\" \/>\n<meta name=\"twitter:label1\" content=\"Estimated reading time\" \/>\n\t<meta name=\"twitter:data1\" content=\"3 minutes\" \/>\n<script type=\"application\/ld+json\" class=\"yoast-schema-graph\">{\"@context\":\"https:\\\/\\\/schema.org\",\"@graph\":[{\"@type\":\"WebPage\",\"@id\":\"https:\\\/\\\/www.srisa.no\\\/personvern\\\/\",\"url\":\"https:\\\/\\\/www.srisa.no\\\/personvern\\\/\",\"name\":\"PERSONVERN - S. Risa AS\",\"isPartOf\":{\"@id\":\"https:\\\/\\\/www.srisa.no\\\/#website\"},\"datePublished\":\"2021-12-06T16:16:42+00:00\",\"dateModified\":\"2021-12-06T16:19:32+00:00\",\"breadcrumb\":{\"@id\":\"https:\\\/\\\/www.srisa.no\\\/personvern\\\/#breadcrumb\"},\"inLanguage\":\"en-GB\",\"potentialAction\":[{\"@type\":\"ReadAction\",\"target\":[\"https:\\\/\\\/www.srisa.no\\\/personvern\\\/\"]}]},{\"@type\":\"BreadcrumbList\",\"@id\":\"https:\\\/\\\/www.srisa.no\\\/personvern\\\/#breadcrumb\",\"itemListElement\":[{\"@type\":\"ListItem\",\"position\":1,\"name\":\"Home\",\"item\":\"https:\\\/\\\/www.srisa.no\\\/\"},{\"@type\":\"ListItem\",\"position\":2,\"name\":\"PERSONVERN\"}]},{\"@type\":\"WebSite\",\"@id\":\"https:\\\/\\\/www.srisa.no\\\/#website\",\"url\":\"https:\\\/\\\/www.srisa.no\\\/\",\"name\":\"S. Risa AS\",\"description\":\"Spesialutstyr for veivedlikehold\",\"publisher\":{\"@id\":\"https:\\\/\\\/www.srisa.no\\\/#organization\"},\"potentialAction\":[{\"@type\":\"SearchAction\",\"target\":{\"@type\":\"EntryPoint\",\"urlTemplate\":\"https:\\\/\\\/www.srisa.no\\\/?s={search_term_string}\"},\"query-input\":{\"@type\":\"PropertyValueSpecification\",\"valueRequired\":true,\"valueName\":\"search_term_string\"}}],\"inLanguage\":\"en-GB\"},{\"@type\":\"Organization\",\"@id\":\"https:\\\/\\\/www.srisa.no\\\/#organization\",\"name\":\"S. Risa AS\",\"url\":\"https:\\\/\\\/www.srisa.no\\\/\",\"logo\":{\"@type\":\"ImageObject\",\"inLanguage\":\"en-GB\",\"@id\":\"https:\\\/\\\/www.srisa.no\\\/#\\\/schema\\\/logo\\\/image\\\/\",\"url\":\"https:\\\/\\\/www.srisa.no\\\/wp-content\\\/uploads\\\/2021\\\/11\\\/logo.png\",\"contentUrl\":\"https:\\\/\\\/www.srisa.no\\\/wp-content\\\/uploads\\\/2021\\\/11\\\/logo.png\",\"width\":325,\"height\":75,\"caption\":\"S. Risa AS\"},\"image\":{\"@id\":\"https:\\\/\\\/www.srisa.no\\\/#\\\/schema\\\/logo\\\/image\\\/\"}}]}<\/script>\n<!-- \/ Yoast SEO plugin. -->","yoast_head_json":{"title":"PRIVACY - S. Risa AS","robots":{"index":"index","follow":"follow","max-snippet":"max-snippet:-1","max-image-preview":"max-image-preview:large","max-video-preview":"max-video-preview:-1"},"canonical":"https:\/\/www.srisa.no\/en\/personvern\/","og_locale":"en_GB","og_type":"article","og_title":"PERSONVERN - S. Risa AS","og_description":"S.Risa ASSikvalandsveien 434342 Undheim Org nr 988934852 Kontaktinformasjon:Tlf.: +47 51 48 44 03E-post: post@srisa.no Personopplysninger som behandles.\u00a0Fornavn og etternavnAdresseTelefonEpostFirmanavn og org.nrKontaktperson Hva brukes personopplysningene til?Virksomheten bruker personopplysningene for \u00e5 h\u00e5ndtere ditt kundeforhold til oss. Vi kan bruke dine opplysninger til f\u00f8lgende form\u00e5l: For \u00e5 behandle henvendelser Foreta befaringer om \u00f8nskelig Ev. bestille varer Ev. sende [&hellip;]","og_url":"https:\/\/www.srisa.no\/en\/personvern\/","og_site_name":"S. Risa AS","article_modified_time":"2021-12-06T16:19:32+00:00","twitter_card":"summary_large_image","twitter_misc":{"Estimated reading time":"3 minutes"},"schema":{"@context":"https:\/\/schema.org","@graph":[{"@type":"WebPage","@id":"https:\/\/www.srisa.no\/personvern\/","url":"https:\/\/www.srisa.no\/personvern\/","name":"PRIVACY - S. Risa AS","isPartOf":{"@id":"https:\/\/www.srisa.no\/#website"},"datePublished":"2021-12-06T16:16:42+00:00","dateModified":"2021-12-06T16:19:32+00:00","breadcrumb":{"@id":"https:\/\/www.srisa.no\/personvern\/#breadcrumb"},"inLanguage":"en-GB","potentialAction":[{"@type":"ReadAction","target":["https:\/\/www.srisa.no\/personvern\/"]}]},{"@type":"BreadcrumbList","@id":"https:\/\/www.srisa.no\/personvern\/#breadcrumb","itemListElement":[{"@type":"ListItem","position":1,"name":"Home","item":"https:\/\/www.srisa.no\/"},{"@type":"ListItem","position":2,"name":"PERSONVERN"}]},{"@type":"WebSite","@id":"https:\/\/www.srisa.no\/#website","url":"https:\/\/www.srisa.no\/","name":"S. Risa AS","description":"Special equipment for road maintenance","publisher":{"@id":"https:\/\/www.srisa.no\/#organization"},"potentialAction":[{"@type":"SearchAction","target":{"@type":"EntryPoint","urlTemplate":"https:\/\/www.srisa.no\/?s={search_term_string}"},"query-input":{"@type":"PropertyValueSpecification","valueRequired":true,"valueName":"search_term_string"}}],"inLanguage":"en-GB"},{"@type":"Organization","@id":"https:\/\/www.srisa.no\/#organization","name":"S. Risa AS","url":"https:\/\/www.srisa.no\/","logo":{"@type":"ImageObject","inLanguage":"en-GB","@id":"https:\/\/www.srisa.no\/#\/schema\/logo\/image\/","url":"https:\/\/www.srisa.no\/wp-content\/uploads\/2021\/11\/logo.png","contentUrl":"https:\/\/www.srisa.no\/wp-content\/uploads\/2021\/11\/logo.png","width":325,"height":75,"caption":"S. Risa AS"},"image":{"@id":"https:\/\/www.srisa.no\/#\/schema\/logo\/image\/"}}]}},"_links":{"self":[{"href":"https:\/\/www.srisa.no\/en\/wp-json\/wp\/v2\/pages\/1641","targetHints":{"allow":["GET"]}}],"collection":[{"href":"https:\/\/www.srisa.no\/en\/wp-json\/wp\/v2\/pages"}],"about":[{"href":"https:\/\/www.srisa.no\/en\/wp-json\/wp\/v2\/types\/page"}],"author":[{"embeddable":true,"href":"https:\/\/www.srisa.no\/en\/wp-json\/wp\/v2\/users\/1"}],"replies":[{"embeddable":true,"href":"https:\/\/www.srisa.no\/en\/wp-json\/wp\/v2\/comments?post=1641"}],"version-history":[{"count":3,"href":"https:\/\/www.srisa.no\/en\/wp-json\/wp\/v2\/pages\/1641\/revisions"}],"predecessor-version":[{"id":1647,"href":"https:\/\/www.srisa.no\/en\/wp-json\/wp\/v2\/pages\/1641\/revisions\/1647"}],"wp:attachment":[{"href":"https:\/\/www.srisa.no\/en\/wp-json\/wp\/v2\/media?parent=1641"}],"curies":[{"name":"wp","href":"https:\/\/api.w.org\/{rel}","templated":true}]}}